{"id":20,"date":"2017-01-30T13:11:44","date_gmt":"2017-01-30T12:11:44","guid":{"rendered":"https:\/\/www.gynimun.cz\/gynimun-intim-protect\/?page_id=20"},"modified":"2025-01-06T15:21:36","modified_gmt":"2025-01-06T14:21:36","slug":"pribalova-informace","status":"publish","type":"page","link":"https:\/\/www.gynimun.cz\/gynium\/pribalova-informace\/","title":{"rendered":"P\u0159\u00edbalov\u00e1 informace"},"content":{"rendered":"\n<style type=\"text\/css\" data-created_by=\"avia_inline_auto\" id=\"style-css-av-w26k-2b8f969dbfb1d22ae7b3a99d7298e009\">\n.flex_column.av-w26k-2b8f969dbfb1d22ae7b3a99d7298e009{\nborder-radius:0px 0px 0px 0px;\npadding:0px 0px 0px 0px;\n}\n<\/style>\n<div  class='flex_column av-w26k-2b8f969dbfb1d22ae7b3a99d7298e009 av_one_full  avia-builder-el-0  el_before_av_one_third  avia-builder-el-first  first flex_column_div av-zero-column-padding  '     ><p>\n<style type=\"text\/css\" data-created_by=\"avia_inline_auto\" id=\"style-css-av-m419iskp-1f5676e0e0f2f2eb6f06c8f9b9c4538f\">\n.avia-image-container.av-m419iskp-1f5676e0e0f2f2eb6f06c8f9b9c4538f img.avia_image{\nbox-shadow:none;\n}\n.avia-image-container.av-m419iskp-1f5676e0e0f2f2eb6f06c8f9b9c4538f .av-image-caption-overlay-center{\ncolor:#ffffff;\n}\n<\/style>\n<div  class='avia-image-container av-m419iskp-1f5676e0e0f2f2eb6f06c8f9b9c4538f av-styling- avia-align-center  avia-builder-el-1  el_before_av_image  avia-builder-el-first '   itemprop=\"image\" itemscope=\"itemscope\" itemtype=\"https:\/\/schema.org\/ImageObject\" ><div class=\"avia-image-container-inner\"><div class=\"avia-image-overlay-wrap\"><img decoding=\"async\" fetchpriority=\"high\" class='wp-image-546 avia-img-lazy-loading-not-546 avia_image ' src=\"https:\/\/www.gynimun.cz\/gynium\/wp-content\/uploads\/sites\/3\/2025\/01\/OT01_24_Gynium_pribal_140x200mm_01-1-721x1030.jpg\" alt='' title='OT01_24_Gynium_pribal_140x200mm_01-1'  height=\"1030\" width=\"721\"  itemprop=\"thumbnailUrl\" srcset=\"https:\/\/www.gynimun.cz\/gynium\/wp-content\/uploads\/sites\/3\/2025\/01\/OT01_24_Gynium_pribal_140x200mm_01-1-721x1030.jpg 721w, https:\/\/www.gynimun.cz\/gynium\/wp-content\/uploads\/sites\/3\/2025\/01\/OT01_24_Gynium_pribal_140x200mm_01-1-210x300.jpg 210w, https:\/\/www.gynimun.cz\/gynium\/wp-content\/uploads\/sites\/3\/2025\/01\/OT01_24_Gynium_pribal_140x200mm_01-1-768x1097.jpg 768w, https:\/\/www.gynimun.cz\/gynium\/wp-content\/uploads\/sites\/3\/2025\/01\/OT01_24_Gynium_pribal_140x200mm_01-1-1075x1536.jpg 1075w, https:\/\/www.gynimun.cz\/gynium\/wp-content\/uploads\/sites\/3\/2025\/01\/OT01_24_Gynium_pribal_140x200mm_01-1-1433x2048.jpg 1433w, https:\/\/www.gynimun.cz\/gynium\/wp-content\/uploads\/sites\/3\/2025\/01\/OT01_24_Gynium_pribal_140x200mm_01-1-1050x1500.jpg 1050w, https:\/\/www.gynimun.cz\/gynium\/wp-content\/uploads\/sites\/3\/2025\/01\/OT01_24_Gynium_pribal_140x200mm_01-1-493x705.jpg 493w, https:\/\/www.gynimun.cz\/gynium\/wp-content\/uploads\/sites\/3\/2025\/01\/OT01_24_Gynium_pribal_140x200mm_01-1.jpg 1653w\" sizes=\"(max-width: 721px) 100vw, 721px\" \/><\/div><\/div><\/div><br \/>\n\n<style type=\"text\/css\" data-created_by=\"avia_inline_auto\" id=\"style-css-av-m5l4oiuq-955c2250d28d4c72d2542c19714a7386\">\n.avia-image-container.av-m5l4oiuq-955c2250d28d4c72d2542c19714a7386 img.avia_image{\nbox-shadow:none;\n}\n.avia-image-container.av-m5l4oiuq-955c2250d28d4c72d2542c19714a7386 .av-image-caption-overlay-center{\ncolor:#ffffff;\n}\n<\/style>\n<div  class='avia-image-container av-m5l4oiuq-955c2250d28d4c72d2542c19714a7386 av-styling- avia-align-center  avia-builder-el-2  el_after_av_image  avia-builder-el-last '   itemprop=\"image\" itemscope=\"itemscope\" itemtype=\"https:\/\/schema.org\/ImageObject\" ><div class=\"avia-image-container-inner\"><div class=\"avia-image-overlay-wrap\"><img decoding=\"async\" fetchpriority=\"high\" class='wp-image-547 avia-img-lazy-loading-not-547 avia_image ' src=\"https:\/\/www.gynimun.cz\/gynium\/wp-content\/uploads\/sites\/3\/2025\/01\/OT01_24_Gynium_pribal_140x200mm_01-2-721x1030.jpg\" alt='' title='OT01_24_Gynium_pribal_140x200mm_01-2'  height=\"1030\" width=\"721\"  itemprop=\"thumbnailUrl\" srcset=\"https:\/\/www.gynimun.cz\/gynium\/wp-content\/uploads\/sites\/3\/2025\/01\/OT01_24_Gynium_pribal_140x200mm_01-2-721x1030.jpg 721w, https:\/\/www.gynimun.cz\/gynium\/wp-content\/uploads\/sites\/3\/2025\/01\/OT01_24_Gynium_pribal_140x200mm_01-2-210x300.jpg 210w, https:\/\/www.gynimun.cz\/gynium\/wp-content\/uploads\/sites\/3\/2025\/01\/OT01_24_Gynium_pribal_140x200mm_01-2-768x1097.jpg 768w, https:\/\/www.gynimun.cz\/gynium\/wp-content\/uploads\/sites\/3\/2025\/01\/OT01_24_Gynium_pribal_140x200mm_01-2-1075x1536.jpg 1075w, https:\/\/www.gynimun.cz\/gynium\/wp-content\/uploads\/sites\/3\/2025\/01\/OT01_24_Gynium_pribal_140x200mm_01-2-1433x2048.jpg 1433w, https:\/\/www.gynimun.cz\/gynium\/wp-content\/uploads\/sites\/3\/2025\/01\/OT01_24_Gynium_pribal_140x200mm_01-2-1050x1500.jpg 1050w, https:\/\/www.gynimun.cz\/gynium\/wp-content\/uploads\/sites\/3\/2025\/01\/OT01_24_Gynium_pribal_140x200mm_01-2-493x705.jpg 493w, https:\/\/www.gynimun.cz\/gynium\/wp-content\/uploads\/sites\/3\/2025\/01\/OT01_24_Gynium_pribal_140x200mm_01-2.jpg 1653w\" sizes=\"(max-width: 721px) 100vw, 721px\" \/><\/div><\/div><\/div><\/p><\/div>\n<style type=\"text\/css\" data-created_by=\"avia_inline_auto\" id=\"style-css-av-2qhrs-d4fcfa26a391fdd5d498c15b16a16810\">\n.flex_column.av-2qhrs-d4fcfa26a391fdd5d498c15b16a16810{\nborder-radius:0px 0px 0px 0px;\npadding:0px 0px 0px 0px;\n}\n<\/style>\n<div  class='flex_column av-2qhrs-d4fcfa26a391fdd5d498c15b16a16810 av_one_third  avia-builder-el-3  el_after_av_one_full  el_before_av_one_third  first flex_column_div av-zero-column-padding  column-top-margin'     ><\/div><\/p>\n\n<style type=\"text\/css\" data-created_by=\"avia_inline_auto\" id=\"style-css-av-1xs1w-d93a916a576b4832e85d39ce0c465a63\">\n.flex_column.av-1xs1w-d93a916a576b4832e85d39ce0c465a63{\nborder-radius:0px 0px 0px 0px;\npadding:0px 0px 0px 0px;\n}\n<\/style>\n<div  class='flex_column av-1xs1w-d93a916a576b4832e85d39ce0c465a63 av_one_third  avia-builder-el-4  el_after_av_one_third  el_before_av_one_third  flex_column_div av-zero-column-padding  column-top-margin'     ><article  class='iconbox iconbox_top av-1oev0-f6881490df0183bbae5c6b6057a230cf  avia-builder-el-5  avia-builder-el-no-sibling  main_color'  itemscope=\"itemscope\" itemtype=\"https:\/\/schema.org\/CreativeWork\" ><div class=\"iconbox_content\"><header class=\"entry-content-header\" aria-label=\"Icon: P\u0159\u00edbalov\u00fd let\u00e1k v PDF\"><a href='https:\/\/www.gynimun.cz\/gynium\/wp-content\/uploads\/sites\/3\/2025\/01\/OT01_24_Gynium_pribal_140x200mm_01.pdf' title='P\u0159\u00edbalov\u00fd let\u00e1k v PDF'  class=\"iconbox_icon heading-color\" aria-hidden='true' data-av_icon='\ue82d' data-av_iconfont='entypo-fontello'><\/a><h3 class='iconbox_content_title '  itemprop=\"headline\" ><a href='https:\/\/www.gynimun.cz\/gynium\/wp-content\/uploads\/sites\/3\/2025\/01\/OT01_24_Gynium_pribal_140x200mm_01.pdf' title='P\u0159\u00edbalov\u00fd let\u00e1k v PDF' >P\u0159\u00edbalov\u00fd let\u00e1k v PDF<\/a><\/h3><\/header><div class='iconbox_content_container '  itemprop=\"text\" ><p style=\"text-align: center;\"><a href=\"https:\/\/www.gynimun.cz\/gynium\/wp-content\/uploads\/sites\/3\/2025\/01\/OT01_24_Gynium_pribal_140x200mm_01.pdf\">ke sta\u017een\u00ed zde<\/a><\/p>\n<\/div><\/div><footer class=\"entry-footer\"><\/footer><\/article><\/div>\n<style type=\"text\/css\" data-created_by=\"avia_inline_auto\" id=\"style-css-av-1197w-6740da5e2afa30e5d27bc366224b3a7d\">\n.flex_column.av-1197w-6740da5e2afa30e5d27bc366224b3a7d{\nborder-radius:0px 0px 0px 0px;\npadding:0px 0px 0px 0px;\n}\n<\/style>\n<div  class='flex_column av-1197w-6740da5e2afa30e5d27bc366224b3a7d av_one_third  avia-builder-el-6  el_after_av_one_third  avia-builder-el-last  flex_column_div av-zero-column-padding  column-top-margin'     ><\/div><\/p>\n","protected":false},"excerpt":{"rendered":"","protected":false},"author":1,"featured_media":0,"parent":0,"menu_order":0,"comment_status":"closed","ping_status":"closed","template":"","meta":{"footnotes":""},"class_list":["post-20","page","type-page","status-publish","hentry"],"aioseo_notices":[],"_links":{"self":[{"href":"https:\/\/www.gynimun.cz\/gynium\/wp-json\/wp\/v2\/pages\/20","targetHints":{"allow":["GET"]}}],"collection":[{"href":"https:\/\/www.gynimun.cz\/gynium\/wp-json\/wp\/v2\/pages"}],"about":[{"href":"https:\/\/www.gynimun.cz\/gynium\/wp-json\/wp\/v2\/types\/page"}],"author":[{"embeddable":true,"href":"https:\/\/www.gynimun.cz\/gynium\/wp-json\/wp\/v2\/users\/1"}],"replies":[{"embeddable":true,"href":"https:\/\/www.gynimun.cz\/gynium\/wp-json\/wp\/v2\/comments?post=20"}],"version-history":[{"count":10,"href":"https:\/\/www.gynimun.cz\/gynium\/wp-json\/wp\/v2\/pages\/20\/revisions"}],"predecessor-version":[{"id":545,"href":"https:\/\/www.gynimun.cz\/gynium\/wp-json\/wp\/v2\/pages\/20\/revisions\/545"}],"wp:attachment":[{"href":"https:\/\/www.gynimun.cz\/gynium\/wp-json\/wp\/v2\/media?parent=20"}],"curies":[{"name":"wp","href":"https:\/\/api.w.org\/{rel}","templated":true}]}}