{"id":18,"date":"2017-01-30T13:11:30","date_gmt":"2017-01-30T12:11:30","guid":{"rendered":"https:\/\/www.gynimun.cz\/gynimun-intim-protect\/?page_id=18"},"modified":"2025-11-07T09:07:51","modified_gmt":"2025-11-07T08:07:51","slug":"kompozice-a-davkovani","status":"publish","type":"page","link":"https:\/\/www.gynimun.cz\/gynium\/kompozice-a-davkovani\/","title":{"rendered":"Jak u\u017e\u00edvat"},"content":{"rendered":"<div  class='av_promobox av-mf3q9ja2-79972adbe6f696b4564f0c2bcf716ef6 avia-button-no  avia-builder-el-0  el_before_av_promobox  avia-builder-el-first '><div class='avia-promocontent'><\/p>\n<h2>P\u0159ed u\u017eit\u00edm si pozorn\u011b p\u0159e\u010dt\u011bte <span style=\"color: #993366\"><strong><a style=\"color: #993366\" href=\"https:\/\/www.gynimun.cz\/gynium\/pribalova-informace\/\">p\u0159\u00edbalovou informaci<\/a><\/strong>.<\/span><\/h2>\n<p>\n<\/div><\/div>\n<div  class='av_promobox av-3988a-0d7ea94371d3bdb2f5fcaaf84db1e3a0 avia-button-no  avia-builder-el-1  el_after_av_promobox  el_before_av_hr '><div class='avia-promocontent'><\/p>\n<h2><span style=\"color: #ff00ff\">K DOL\u00c9\u010cEN\u00cd<\/span><\/h2>\n<h4><\/h4>\n<h5><\/h5>\n<h5><span style=\"font-size: 16px\">po antibiotick\u00e9 l\u00e9\u010db\u011b bakteri\u00e1ln\u00ed vagin\u00f3zy (bakteri\u00e1ln\u00ed po\u0161evn\u00ed infekce):<\/span><\/h5>\n<p><span style=\"font-size: 16px\">u\u017e\u00edvejte 1 vagin\u00e1ln\u00ed tobolku Gynium na noc po dobu 6-8 dn\u00ed.<\/span><\/p>\n<h2><span style=\"color: #ff00ff\">K UDR\u017dEN\u00cd NORM\u00c1LN\u00cd PO\u0160EVN\u00cd MIKROFL\u00d3RY<\/span><\/h2>\n<h5>p\u0159i <strong>opakovan\u00fdch<\/strong> po\u0161evn\u00edch infekc\u00edch:<\/h5>\n<p><span style=\"font-size: 16px\">u\u017e\u00edvejte 1 vagin\u00e1ln\u00ed tobolku Gynium na noc po dobu 4-6 dn\u00ed.<\/span><\/p>\n<h2><\/h2>\n<p>\n<\/div><\/div>\n\n<style type=\"text\/css\" data-created_by=\"avia_inline_auto\" id=\"style-css-av-1bsoy-634b3d041090df3e3f4e3294a7580a4d\">\n#top .hr.hr-invisible.av-1bsoy-634b3d041090df3e3f4e3294a7580a4d{\nheight:50px;\n}\n<\/style>\n<div  class='hr av-1bsoy-634b3d041090df3e3f4e3294a7580a4d hr-invisible  avia-builder-el-2  el_after_av_promobox  el_before_av_image '><span class='hr-inner '><span class=\"hr-inner-style\"><\/span><\/span><\/div>\n\n<style type=\"text\/css\" data-created_by=\"avia_inline_auto\" id=\"style-css-av-vlcy-e2c458455fb8211cdc30a043700f6112\">\n.avia-image-container.av-vlcy-e2c458455fb8211cdc30a043700f6112 img.avia_image{\nbox-shadow:none;\n}\n.avia-image-container.av-vlcy-e2c458455fb8211cdc30a043700f6112 .av-image-caption-overlay-center{\ncolor:#ffffff;\n}\n<\/style>\n<div  class='avia-image-container av-vlcy-e2c458455fb8211cdc30a043700f6112 av-styling- avia-align-center  avia-builder-el-3  el_after_av_hr  avia-builder-el-last '   itemprop=\"image\" itemscope=\"itemscope\" itemtype=\"https:\/\/schema.org\/ImageObject\" ><div class=\"avia-image-container-inner\"><div class=\"avia-image-overlay-wrap\"><img decoding=\"async\" fetchpriority=\"high\" class='wp-image-538 avia-img-lazy-loading-not-538 avia_image ' src=\"https:\/\/www.gynimun.cz\/gynium\/wp-content\/uploads\/sites\/3\/2025\/01\/Gynium_3D-300x265.png\" alt='' title='Gynium_3D'  height=\"265\" width=\"300\"  itemprop=\"thumbnailUrl\" srcset=\"https:\/\/www.gynimun.cz\/gynium\/wp-content\/uploads\/sites\/3\/2025\/01\/Gynium_3D-300x265.png 300w, https:\/\/www.gynimun.cz\/gynium\/wp-content\/uploads\/sites\/3\/2025\/01\/Gynium_3D-1030x911.png 1030w, https:\/\/www.gynimun.cz\/gynium\/wp-content\/uploads\/sites\/3\/2025\/01\/Gynium_3D-768x679.png 768w, https:\/\/www.gynimun.cz\/gynium\/wp-content\/uploads\/sites\/3\/2025\/01\/Gynium_3D-705x623.png 705w, https:\/\/www.gynimun.cz\/gynium\/wp-content\/uploads\/sites\/3\/2025\/01\/Gynium_3D.png 1130w\" sizes=\"(max-width: 300px) 100vw, 300px\" \/><\/div><\/div><\/div>\n","protected":false},"excerpt":{"rendered":"","protected":false},"author":1,"featured_media":0,"parent":0,"menu_order":0,"comment_status":"closed","ping_status":"closed","template":"","meta":{"footnotes":""},"class_list":["post-18","page","type-page","status-publish","hentry"],"aioseo_notices":[],"_links":{"self":[{"href":"https:\/\/www.gynimun.cz\/gynium\/wp-json\/wp\/v2\/pages\/18","targetHints":{"allow":["GET"]}}],"collection":[{"href":"https:\/\/www.gynimun.cz\/gynium\/wp-json\/wp\/v2\/pages"}],"about":[{"href":"https:\/\/www.gynimun.cz\/gynium\/wp-json\/wp\/v2\/types\/page"}],"author":[{"embeddable":true,"href":"https:\/\/www.gynimun.cz\/gynium\/wp-json\/wp\/v2\/users\/1"}],"replies":[{"embeddable":true,"href":"https:\/\/www.gynimun.cz\/gynium\/wp-json\/wp\/v2\/comments?post=18"}],"version-history":[{"count":50,"href":"https:\/\/www.gynimun.cz\/gynium\/wp-json\/wp\/v2\/pages\/18\/revisions"}],"predecessor-version":[{"id":610,"href":"https:\/\/www.gynimun.cz\/gynium\/wp-json\/wp\/v2\/pages\/18\/revisions\/610"}],"wp:attachment":[{"href":"https:\/\/www.gynimun.cz\/gynium\/wp-json\/wp\/v2\/media?parent=18"}],"curies":[{"name":"wp","href":"https:\/\/api.w.org\/{rel}","templated":true}]}}