{"id":20,"date":"2020-01-30T13:11:44","date_gmt":"2020-01-30T12:11:44","guid":{"rendered":"http:\/\/www.gynimun.cz\/gynimun-trio\/?page_id=20"},"modified":"2025-09-15T13:32:49","modified_gmt":"2025-09-15T12:32:49","slug":"pribalova-informace","status":"publish","type":"page","link":"https:\/\/www.gynimun.cz\/gynimun-trio\/pribalova-informace\/","title":{"rendered":"P\u0159\u00edbalov\u00e1 informace"},"content":{"rendered":"\n<style type=\"text\/css\" data-created_by=\"avia_inline_auto\" id=\"style-css-av-ln9yycge-a28cf4b44bb875793d884944934fd808\">\n.avia-section.av-ln9yycge-a28cf4b44bb875793d884944934fd808{\nbackground-color:#fdf5fd;\nbackground-image:unset;\n}\n<\/style>\n<div id='av_section_1'  class='avia-section av-ln9yycge-a28cf4b44bb875793d884944934fd808 main_color avia-section-no-padding avia-no-border-styling  avia-builder-el-0  el_before_av_one_full  avia-builder-el-first  nominheight avia-bg-style-scroll container_wrap sidebar_right'  ><div class='container av-section-cont-open' ><main  role=\"main\" itemprop=\"mainContentOfPage\"  class='template-page content  av-content-small alpha units'><div class='post-entry post-entry-type-page post-entry-20'><div class='entry-content-wrapper clearfix'>\n\n<style type=\"text\/css\" data-created_by=\"avia_inline_auto\" id=\"style-css-av-ln9yxx3x-7723b15066fdc222a2bfc586ef4a37da\">\n#top .av_textblock_section.av-ln9yxx3x-7723b15066fdc222a2bfc586ef4a37da .avia_textblock{\ncolor:#bc3670;\n}\n<\/style>\n<section  class='av_textblock_section av-ln9yxx3x-7723b15066fdc222a2bfc586ef4a37da '   itemscope=\"itemscope\" itemtype=\"https:\/\/schema.org\/CreativeWork\" ><div class='avia_textblock av_inherit_color'  itemprop=\"text\" ><p class=\"d-inline\">P\u0159\u00edbalov\u00e1 informace:<\/p>\n<p><div  class='avia-button-wrap av-1h7u0-d7c97a919479646df4ce19f8705a1720-wrap avia-button-center  avia-builder-el-2  el_before_av_button  avia-builder-el-first  d-inline mx-3'><a href='https:\/\/www.gynimun.cz\/gynimun-trio\/wp-content\/uploads\/sites\/5\/2025\/09\/Pribalak-Gynimun-Trio-PDF-CZ.pdf'  class='avia-button av-1h7u0-d7c97a919479646df4ce19f8705a1720 av-link-btn avia-icon_select-no avia-size-small avia-position-center avia-color-theme-color'   aria-label=\"P\u0159\u00edbalov\u00fd let\u00e1k ke sta\u017een\u00ed CZ \"><span class='avia_iconbox_title' >P\u0159\u00edbalov\u00fd let\u00e1k ke sta\u017een\u00ed CZ <\/span><\/a><\/div> <div  class='avia-button-wrap av-168p0-b5932a5edb49f7b05e7db278ca9ad0a5-wrap avia-button-center  avia-builder-el-3  el_after_av_button  avia-builder-el-last  d-inline mx-3'><a href='https:\/\/www.gynimun.cz\/gynimun-trio\/wp-content\/uploads\/sites\/5\/2025\/09\/Pribalak-Gynimun-Trio-PDF-SK.pdf'  class='avia-button av-168p0-b5932a5edb49f7b05e7db278ca9ad0a5 av-link-btn avia-icon_select-no avia-size-small avia-position-center avia-color-theme-color'   aria-label=\"P\u0159\u00edbalov\u00fd let\u00e1k ke sta\u017een\u00ed SK \"><span class='avia_iconbox_title' >P\u0159\u00edbalov\u00fd let\u00e1k ke sta\u017een\u00ed SK <\/span><\/a><\/div><\/p>\n<\/div><\/section>\n<\/div><\/div><\/main><!-- close content main element --><\/div><\/div><div id='after_section_1'  class='main_color av_default_container_wrap container_wrap sidebar_right'  ><div class='container av-section-cont-open' ><div class='template-page content  av-content-small alpha units'><div class='post-entry post-entry-type-page post-entry-20'><div class='entry-content-wrapper clearfix'>\n<style type=\"text\/css\" data-created_by=\"avia_inline_auto\" id=\"style-css-av-1wr3c-bb12328ffef6e0b6af81ed67e5aebce3\">\n.flex_column.av-1wr3c-bb12328ffef6e0b6af81ed67e5aebce3{\nborder-radius:0px 0px 0px 0px;\npadding:0px 0px 0px 0px;\n}\n<\/style>\n<div  class='flex_column av-1wr3c-bb12328ffef6e0b6af81ed67e5aebce3 av_one_full  avia-builder-el-4  el_after_av_section  avia-builder-el-no-sibling  first flex_column_div av-zero-column-padding  '     ><p><section  class='av_textblock_section av-5ctj0-9e8acddffb56e5be3b586b9cd86418d2 '   itemscope=\"itemscope\" itemtype=\"https:\/\/schema.org\/CreativeWork\" ><div class='avia_textblock'  itemprop=\"text\" ><p><strong>GYNIMUN<\/strong><strong><sup>\u00ae <\/sup><\/strong><strong>TRIO VAGICARE<\/strong>\u00a0obsahuje t\u0159i modern\u00ed, v\u011bdecky podlo\u017een\u00e9 komplexy.<\/p>\n<h2>VAGIN\u00c1LN\u00cd LAKTOBACILY<\/h2>\n<p>Z v\u00edce ne\u017e 220 zn\u00e1m\u00fdch druh\u016f laktobacil\u016f je pouze osm z nich p\u0159izp\u016fsobeno vagin\u00e1ln\u00edmu prost\u0159ed\u00ed (je pro n\u011b p\u0159irozen\u00e9 \u201edom\u00e1c\u00ed\u201c). T\u0159i druhy vagin\u00e1ln\u00edch laktobacil\u016f jsou tak zvan\u00e9 \u201edomin\u00e1tory\u201c (tedy p\u0159edstavuj\u00ed v\u00edce ne\u017e 90% zdrav\u00e9ho vagin\u00e1ln\u00edho mikrobiomu). Nejvhodn\u011bj\u0161\u00edm \u201edomin\u00e1torem\u201c (z pohledu ochrany vagin\u00e1ln\u00ed sliznice p\u0159ed n\u00e1kazou viry \u010di bakteriemi) je druh Lactobacillus crispatus1.<\/p>\n<ul>\n<li><strong>Lactobacillus cripatus SP28<\/strong> \u2013 lidsk\u00fd vagin\u00e1ln\u00ed kmen (domin\u00e1tor)<\/li>\n<li><strong>Lactobacillus rhamnosus CA15<\/strong> &#8211; lidsk\u00fd vagin\u00e1ln\u00ed kmen s klinicky prok\u00e1zan\u00fdm masivn\u00edm<br \/>\nor\u00e1ln\u011b-vagin\u00e1ln\u00edm transportem<\/li>\n<\/ul>\n<h2>IMUNOLYZ\u00c1TY<\/h2>\n<p>Bakteri\u00e1ln\u00ed lyz\u00e1ty se v medic\u00edn\u011b s \u00fasp\u011bchem pou\u017e\u00edvaj\u00ed ji\u017e dlouhou dobu k podpo\u0159e spr\u00e1vn\u00e9 funkce imunitn\u00edho syst\u00e9mu. Bakteri\u00e1ln\u00ed lyz\u00e1t obsahuje \u010d\u00e1stice mrtv\u00fdch bakteri\u00ed. Tyto \u010d\u00e1stice aktivuj\u00ed n\u00e1\u0161 imunitn\u00ed syst\u00e9m a udr\u017euj\u00ed jeho bd\u011blost a spr\u00e1vnou funkci.<\/p>\n<p><strong>GYNIMUN<\/strong><strong><sup>\u00ae<\/sup><\/strong><strong>\u00a0TRIO VAGICARE\u00a0obsahuje \u010dty\u0159i ImunoLyz\u00e1ty<\/strong>:<\/p>\n<ul>\n<li><strong>Candida albicans<\/strong> \u2013 nej\u010dast\u011bj\u0161\u00ed p\u016fvodce vagin\u00e1ln\u00ed myk\u00f3zy<\/li>\n<li><strong>Gardnerella vaginalis<\/strong> \u2013 nej\u010dast\u011bj\u0161\u00ed p\u016fvodce bakteri\u00e1ln\u00ed vagin\u00f3zy<\/li>\n<li><strong>Streptococcus agalactiae (GBS)<\/strong> \u2013 p\u016fvodce nebezpe\u010dn\u00fdch infekc\u00ed t\u011bhotn\u00fdch a novorozenc\u016f<\/li>\n<li><strong>Escherichia coli (UPEC)<\/strong> \u2013 a\u017e 90% p\u016fvodce mo\u010dov\u00fdch infekc\u00ed (cystitid)<\/li>\n<\/ul>\n<h2>ST\u0158EVN\u00cd PROBIOTIKA<\/h2>\n<p>St\u0159evo je nejv\u011bt\u0161\u00ed (70%) imunitn\u00ed rezervo\u00e1r \u010dlov\u011bka. St\u0159evn\u00ed mikrobiota hraje principi\u00e1ln\u00ed roli ve zdrav\u00ed \u010di nemoci. Proto je nesm\u00edrn\u011b d\u016fle\u017eit\u00e9 pr\u016fb\u011b\u017en\u011b pe\u010dovat o jej\u00ed harmonii. K tomu se krom\u011b esenci\u00e1ln\u00ed kvalitn\u00ed a pestr\u00e9 stravy pou\u017e\u00edvaj\u00ed vhodn\u011b vybran\u00e9 \u017eiv\u00e9 probiotick\u00e9 bakteri\u00e1ln\u00ed kmeny v kombinaci s prebiotiky (l\u00e1tky, kter\u00e9 slou\u017e\u00ed vlastn\u011b jako potrava \u2013 tedy podpora \u2013 pomno\u017een\u00ed \u017e\u00e1douc\u00edch probio- tick\u00fdch bakteri\u00ed ve st\u0159ev\u011b).<\/p>\n<ul>\n<li><strong>Lactobacillus rhamnosus GG Onapharm<\/strong> \u2013 nejprob\u00e1dan\u011bj\u0161\u00ed laktobacil\u00e1rn\u00ed (stovky studi\u00ed s \u0159adou klinicky zdokumentovan\u00fdch prosp\u011b\u0161n\u00fdch efekt\u016f) lidsk\u00fd st\u0159evn\u00ed kmen. Kolonizuje tenk\u00e9 i tlust\u00e9 st\u0159evo.<\/li>\n<li><strong>Bifidobacterium animalis BB Onapharm<\/strong> \u2013 nejprob\u00e1dan\u011bj\u0161\u00ed bifidobakteri\u00e1ln\u00ed (des\u00edtky klinick\u00fdch studi\u00ed) lidsk\u00fd st\u0159evn\u00ed kmen, \u010dasto pod\u00e1van\u00fd a zkouman\u00fd v kombinaci s SP1.<\/li>\n<li><strong>FOS<\/strong>\u00a0&#8211; patentovan\u00e9 pr\u00e9miov\u00e9 prebiotikum s mohutn\u00fdm bifidogenn\u00edm \u00fa\u010dinkem.<\/li>\n<\/ul>\n<\/div><\/section><br \/>\n<section  class='av_textblock_section av-31f4w-3d63dd95257a7ac63c5fb735369372b1 '   itemscope=\"itemscope\" itemtype=\"https:\/\/schema.org\/CreativeWork\" ><div class='avia_textblock'  itemprop=\"text\" ><h2><b>SLO\u017dEN\u00cd<\/b><\/h2>\n<p><img loading=\"lazy\" decoding=\"async\" class=\"alignnone wp-image-629 size-medium\" src=\"https:\/\/www.gynimun.cz\/gynimun-trio\/wp-content\/uploads\/sites\/5\/2025\/09\/Trio-slozeni-300x97.png\" alt=\"\" width=\"300\" height=\"97\" srcset=\"https:\/\/www.gynimun.cz\/gynimun-trio\/wp-content\/uploads\/sites\/5\/2025\/09\/Trio-slozeni-300x97.png 300w, https:\/\/www.gynimun.cz\/gynimun-trio\/wp-content\/uploads\/sites\/5\/2025\/09\/Trio-slozeni-1030x334.png 1030w, https:\/\/www.gynimun.cz\/gynimun-trio\/wp-content\/uploads\/sites\/5\/2025\/09\/Trio-slozeni-768x249.png 768w, https:\/\/www.gynimun.cz\/gynimun-trio\/wp-content\/uploads\/sites\/5\/2025\/09\/Trio-slozeni-705x228.png 705w, https:\/\/www.gynimun.cz\/gynimun-trio\/wp-content\/uploads\/sites\/5\/2025\/09\/Trio-slozeni.png 1201w\" sizes=\"auto, (max-width: 300px) 100vw, 300px\" \/><\/p>\n<\/div><\/section><br \/>\n<section  class='av_textblock_section av-31f4w-1-19e9bde102f8b2a835dd4160b784c18b '   itemscope=\"itemscope\" itemtype=\"https:\/\/schema.org\/CreativeWork\" ><div class='avia_textblock'  itemprop=\"text\" ><p><strong>VELIKOST BALEN\u00cd:\u00a0<\/strong>30 a 60 kapsl\u00ed s c\u00edlen\u00fdm uvol\u0148ov\u00e1n\u00edm.<\/p>\n<p><strong>D\u00c1VKOV\u00c1N\u00cd:<\/strong> 1 &#8211; 2 kapsle denn\u011b s j\u00eddlem.<\/p>\n<p><strong>POU\u017dITELNOST A SKLADOV\u00c1N\u00cd:<\/strong>\u00a024 m\u011bs\u00edc\u016f p\u0159i pokojov\u00e9 teplot\u011b.<\/p>\n<p><strong>Onapharm s.r.o.<\/strong>, Perlitov\u00e1 1799\/10, 140 00 Praha 4, <a href=\"https:\/\/www.onapharm.cz\">www.onapharm.cz<\/a><\/p>\n<\/div><\/section><\/p><\/div><\/p>\n","protected":false},"excerpt":{"rendered":"","protected":false},"author":1,"featured_media":0,"parent":0,"menu_order":0,"comment_status":"closed","ping_status":"closed","template":"","meta":{"footnotes":""},"class_list":["post-20","page","type-page","status-publish","hentry"],"aioseo_notices":[],"_links":{"self":[{"href":"https:\/\/www.gynimun.cz\/gynimun-trio\/wp-json\/wp\/v2\/pages\/20","targetHints":{"allow":["GET"]}}],"collection":[{"href":"https:\/\/www.gynimun.cz\/gynimun-trio\/wp-json\/wp\/v2\/pages"}],"about":[{"href":"https:\/\/www.gynimun.cz\/gynimun-trio\/wp-json\/wp\/v2\/types\/page"}],"author":[{"embeddable":true,"href":"https:\/\/www.gynimun.cz\/gynimun-trio\/wp-json\/wp\/v2\/users\/1"}],"replies":[{"embeddable":true,"href":"https:\/\/www.gynimun.cz\/gynimun-trio\/wp-json\/wp\/v2\/comments?post=20"}],"version-history":[{"count":43,"href":"https:\/\/www.gynimun.cz\/gynimun-trio\/wp-json\/wp\/v2\/pages\/20\/revisions"}],"predecessor-version":[{"id":650,"href":"https:\/\/www.gynimun.cz\/gynimun-trio\/wp-json\/wp\/v2\/pages\/20\/revisions\/650"}],"wp:attachment":[{"href":"https:\/\/www.gynimun.cz\/gynimun-trio\/wp-json\/wp\/v2\/media?parent=20"}],"curies":[{"name":"wp","href":"https:\/\/api.w.org\/{rel}","templated":true}]}}