{"id":18,"date":"2017-01-30T13:11:30","date_gmt":"2017-01-30T12:11:30","guid":{"rendered":"http:\/\/www.gynimun.cz\/gynimun-trio\/?page_id=18"},"modified":"2025-09-02T13:15:57","modified_gmt":"2025-09-02T12:15:57","slug":"kompozice-a-davkovani","status":"publish","type":"page","link":"https:\/\/www.gynimun.cz\/gynimun-trio\/kompozice-a-davkovani\/","title":{"rendered":"Jak u\u017e\u00edvat"},"content":{"rendered":"<section  class='av_textblock_section av-3qa4a-b6db2905e5b7eed3682a1370faeb9d56 '   itemscope=\"itemscope\" itemtype=\"https:\/\/schema.org\/CreativeWork\" ><div class='avia_textblock'  itemprop=\"text\" ><h2>Jak se p\u0159\u00edpravek GYNIMUN<sup>\u00ae<\/sup> TRIO VAGICARE u\u017e\u00edv\u00e1?<\/h2>\n<p><strong>GYNIMUN<sup>\u00ae<\/sup> TRIO VAGICARE<\/strong> je ur\u010den k dlouhodob\u00e9 opakovan\u00e9 p\u00e9\u010di o Va\u0161e vnit\u0159n\u00ed prost\u0159ed\u00ed. Po z\u00e1t\u011b\u017ei Va\u0161eho organismu (antibiotick\u00e1 \u010di antimykotick\u00e1 l\u00e9\u010dba, oslaben\u00ed, stres, apod) u\u017e\u00edvejte minim\u00e1ln\u011b 30-90 dn\u00ed 1 kapsli denn\u011b, ide\u00e1ln\u011b s j\u00eddlem.<\/p>\n<\/div><\/section>\n\n<style type=\"text\/css\" data-created_by=\"avia_inline_auto\" id=\"style-css-av-3huhq-4ee6afe21d89c0c96cad4668717bfd91\">\n#top .hr.hr-invisible.av-3huhq-4ee6afe21d89c0c96cad4668717bfd91{\nheight:50px;\n}\n<\/style>\n<div  class='hr av-3huhq-4ee6afe21d89c0c96cad4668717bfd91 hr-invisible  avia-builder-el-1  el_after_av_textblock  el_before_av_one_half '><span class='hr-inner '><span class=\"hr-inner-style\"><\/span><\/span><\/div>\n\n<style type=\"text\/css\" data-created_by=\"avia_inline_auto\" id=\"style-css-av-2qnk2-bab3cb78eb605a968c5e6b61e6d9f10b\">\n.flex_column.av-2qnk2-bab3cb78eb605a968c5e6b61e6d9f10b{\nborder-radius:0px 0px 0px 0px;\npadding:0px 0px 0px 0px;\n}\n<\/style>\n<div  class='flex_column av-2qnk2-bab3cb78eb605a968c5e6b61e6d9f10b av_one_half  avia-builder-el-2  el_after_av_hr  el_before_av_one_half  first flex_column_div av-zero-column-padding  '     ><style type=\"text\/css\" data-created_by=\"avia_inline_auto\" id=\"style-css-av-1uyfi-75e2297fcbd251b763e1d874cae9fcf3\">\n.avia-image-container.av-1uyfi-75e2297fcbd251b763e1d874cae9fcf3 img.avia_image{\nbox-shadow:none;\n}\n.avia-image-container.av-1uyfi-75e2297fcbd251b763e1d874cae9fcf3 .av-image-caption-overlay-center{\ncolor:#ffffff;\n}\n<\/style>\n<div  class='avia-image-container av-1uyfi-75e2297fcbd251b763e1d874cae9fcf3 av-styling- av-img-linked avia-align-center  avia-builder-el-3  avia-builder-el-no-sibling '   itemprop=\"image\" itemscope=\"itemscope\" itemtype=\"https:\/\/schema.org\/ImageObject\" ><div class=\"avia-image-container-inner\"><div class=\"avia-image-overlay-wrap\"><a href=\"https:\/\/www.gynimun.cz\/gynimun-trio\/wp-content\/uploads\/sites\/5\/2024\/09\/Gynimun_Trio_krabicka_30_3D_CZ-c-1030x698.webp\" data-srcset=\"https:\/\/www.gynimun.cz\/gynimun-trio\/wp-content\/uploads\/sites\/5\/2024\/09\/Gynimun_Trio_krabicka_30_3D_CZ-c-1030x698.webp 1030w, https:\/\/www.gynimun.cz\/gynimun-trio\/wp-content\/uploads\/sites\/5\/2024\/09\/Gynimun_Trio_krabicka_30_3D_CZ-c-300x203.webp 300w, https:\/\/www.gynimun.cz\/gynimun-trio\/wp-content\/uploads\/sites\/5\/2024\/09\/Gynimun_Trio_krabicka_30_3D_CZ-c-768x520.webp 768w, https:\/\/www.gynimun.cz\/gynimun-trio\/wp-content\/uploads\/sites\/5\/2024\/09\/Gynimun_Trio_krabicka_30_3D_CZ-c-705x478.webp 705w, https:\/\/www.gynimun.cz\/gynimun-trio\/wp-content\/uploads\/sites\/5\/2024\/09\/Gynimun_Trio_krabicka_30_3D_CZ-c.webp 1048w\" data-sizes=\"(max-width: 1030px) 100vw, 1030px\" class='avia_image '  aria-label='Gynimun_Trio_krabicka_30_3D_CZ-c'><img decoding=\"async\" fetchpriority=\"high\" class='wp-image-597 avia-img-lazy-loading-not-597 avia_image ' src=\"https:\/\/www.gynimun.cz\/gynimun-trio\/wp-content\/uploads\/sites\/5\/2024\/09\/Gynimun_Trio_krabicka_30_3D_CZ-c.webp\" alt='' title='Gynimun_Trio_krabicka_30_3D_CZ-c'  height=\"710\" width=\"1048\"  itemprop=\"thumbnailUrl\" srcset=\"https:\/\/www.gynimun.cz\/gynimun-trio\/wp-content\/uploads\/sites\/5\/2024\/09\/Gynimun_Trio_krabicka_30_3D_CZ-c.webp 1048w, https:\/\/www.gynimun.cz\/gynimun-trio\/wp-content\/uploads\/sites\/5\/2024\/09\/Gynimun_Trio_krabicka_30_3D_CZ-c-300x203.webp 300w, https:\/\/www.gynimun.cz\/gynimun-trio\/wp-content\/uploads\/sites\/5\/2024\/09\/Gynimun_Trio_krabicka_30_3D_CZ-c-1030x698.webp 1030w, https:\/\/www.gynimun.cz\/gynimun-trio\/wp-content\/uploads\/sites\/5\/2024\/09\/Gynimun_Trio_krabicka_30_3D_CZ-c-768x520.webp 768w, https:\/\/www.gynimun.cz\/gynimun-trio\/wp-content\/uploads\/sites\/5\/2024\/09\/Gynimun_Trio_krabicka_30_3D_CZ-c-705x478.webp 705w\" sizes=\"(max-width: 1048px) 100vw, 1048px\" \/><\/a><\/div><\/div><\/div><\/div>\n\n<style type=\"text\/css\" data-created_by=\"avia_inline_auto\" id=\"style-css-av-2qnk2-2-ec17d41102fa962137553f064050d563\">\n.flex_column.av-2qnk2-2-ec17d41102fa962137553f064050d563{\nborder-radius:0px 0px 0px 0px;\npadding:0px 0px 0px 0px;\n}\n<\/style>\n<div  class='flex_column av-2qnk2-2-ec17d41102fa962137553f064050d563 av_one_half  avia-builder-el-4  el_after_av_one_half  avia-builder-el-last  flex_column_div av-zero-column-padding  '     ><style type=\"text\/css\" data-created_by=\"avia_inline_auto\" id=\"style-css-av-1uyfi-1-fc996ac30ffdae5fb40f34ac24511e57\">\n.avia-image-container.av-1uyfi-1-fc996ac30ffdae5fb40f34ac24511e57 img.avia_image{\nbox-shadow:none;\n}\n.avia-image-container.av-1uyfi-1-fc996ac30ffdae5fb40f34ac24511e57 .av-image-caption-overlay-center{\ncolor:#ffffff;\n}\n<\/style>\n<div  class='avia-image-container av-1uyfi-1-fc996ac30ffdae5fb40f34ac24511e57 av-styling- av-img-linked avia-align-center  avia-builder-el-5  avia-builder-el-no-sibling '   itemprop=\"image\" itemscope=\"itemscope\" itemtype=\"https:\/\/schema.org\/ImageObject\" ><div class=\"avia-image-container-inner\"><div class=\"avia-image-overlay-wrap\"><a href=\"https:\/\/www.gynimun.cz\/gynimun-trio\/wp-content\/uploads\/sites\/5\/2024\/09\/Gynimun_Trio_krabicka_60_CZ_3D-c-1030x698.webp\" data-srcset=\"https:\/\/www.gynimun.cz\/gynimun-trio\/wp-content\/uploads\/sites\/5\/2024\/09\/Gynimun_Trio_krabicka_60_CZ_3D-c-1030x698.webp 1030w, https:\/\/www.gynimun.cz\/gynimun-trio\/wp-content\/uploads\/sites\/5\/2024\/09\/Gynimun_Trio_krabicka_60_CZ_3D-c-300x203.webp 300w, https:\/\/www.gynimun.cz\/gynimun-trio\/wp-content\/uploads\/sites\/5\/2024\/09\/Gynimun_Trio_krabicka_60_CZ_3D-c-768x520.webp 768w, https:\/\/www.gynimun.cz\/gynimun-trio\/wp-content\/uploads\/sites\/5\/2024\/09\/Gynimun_Trio_krabicka_60_CZ_3D-c-705x478.webp 705w, https:\/\/www.gynimun.cz\/gynimun-trio\/wp-content\/uploads\/sites\/5\/2024\/09\/Gynimun_Trio_krabicka_60_CZ_3D-c.webp 1048w\" data-sizes=\"(max-width: 1030px) 100vw, 1030px\" class='avia_image '  aria-label='Gynimun_Trio_krabicka_60_CZ_3D-c'><img decoding=\"async\" fetchpriority=\"high\" class='wp-image-598 avia-img-lazy-loading-not-598 avia_image ' src=\"https:\/\/www.gynimun.cz\/gynimun-trio\/wp-content\/uploads\/sites\/5\/2024\/09\/Gynimun_Trio_krabicka_60_CZ_3D-c-1030x698.webp\" alt='' title='Gynimun_Trio_krabicka_60_CZ_3D-c'  height=\"698\" width=\"1030\"  itemprop=\"thumbnailUrl\" srcset=\"https:\/\/www.gynimun.cz\/gynimun-trio\/wp-content\/uploads\/sites\/5\/2024\/09\/Gynimun_Trio_krabicka_60_CZ_3D-c-1030x698.webp 1030w, https:\/\/www.gynimun.cz\/gynimun-trio\/wp-content\/uploads\/sites\/5\/2024\/09\/Gynimun_Trio_krabicka_60_CZ_3D-c-300x203.webp 300w, https:\/\/www.gynimun.cz\/gynimun-trio\/wp-content\/uploads\/sites\/5\/2024\/09\/Gynimun_Trio_krabicka_60_CZ_3D-c-768x520.webp 768w, https:\/\/www.gynimun.cz\/gynimun-trio\/wp-content\/uploads\/sites\/5\/2024\/09\/Gynimun_Trio_krabicka_60_CZ_3D-c-705x478.webp 705w, https:\/\/www.gynimun.cz\/gynimun-trio\/wp-content\/uploads\/sites\/5\/2024\/09\/Gynimun_Trio_krabicka_60_CZ_3D-c.webp 1048w\" sizes=\"(max-width: 1030px) 100vw, 1030px\" \/><\/a><\/div><\/div><\/div><\/div>\n","protected":false},"excerpt":{"rendered":"","protected":false},"author":1,"featured_media":0,"parent":0,"menu_order":0,"comment_status":"closed","ping_status":"closed","template":"","meta":{"footnotes":""},"class_list":["post-18","page","type-page","status-publish","hentry"],"aioseo_notices":[],"_links":{"self":[{"href":"https:\/\/www.gynimun.cz\/gynimun-trio\/wp-json\/wp\/v2\/pages\/18","targetHints":{"allow":["GET"]}}],"collection":[{"href":"https:\/\/www.gynimun.cz\/gynimun-trio\/wp-json\/wp\/v2\/pages"}],"about":[{"href":"https:\/\/www.gynimun.cz\/gynimun-trio\/wp-json\/wp\/v2\/types\/page"}],"author":[{"embeddable":true,"href":"https:\/\/www.gynimun.cz\/gynimun-trio\/wp-json\/wp\/v2\/users\/1"}],"replies":[{"embeddable":true,"href":"https:\/\/www.gynimun.cz\/gynimun-trio\/wp-json\/wp\/v2\/comments?post=18"}],"version-history":[{"count":24,"href":"https:\/\/www.gynimun.cz\/gynimun-trio\/wp-json\/wp\/v2\/pages\/18\/revisions"}],"predecessor-version":[{"id":642,"href":"https:\/\/www.gynimun.cz\/gynimun-trio\/wp-json\/wp\/v2\/pages\/18\/revisions\/642"}],"wp:attachment":[{"href":"https:\/\/www.gynimun.cz\/gynimun-trio\/wp-json\/wp\/v2\/media?parent=18"}],"curies":[{"name":"wp","href":"https:\/\/api.w.org\/{rel}","templated":true}]}}