{"id":15,"date":"2017-01-30T13:11:15","date_gmt":"2017-01-30T12:11:15","guid":{"rendered":"http:\/\/www.gynimun.cz\/gynimun-trio\/?page_id=15"},"modified":"2025-09-02T13:14:32","modified_gmt":"2025-09-02T12:14:32","slug":"domu","status":"publish","type":"page","link":"https:\/\/www.gynimun.cz\/gynimun-trio\/","title":{"rendered":"Dom\u016f"},"content":{"rendered":"<div id='layer_slider_1'  class='avia-layerslider main_color avia-shadow  avia-builder-el-0  el_before_av_one_third  avia-builder-el-first  container_wrap sidebar_right'  style='height: 501px;'  ><\/div><div id='after_layer_slider_1'  class='main_color av_default_container_wrap container_wrap sidebar_right'  ><div class='container av-section-cont-open' ><div class='template-page content  av-content-small alpha units'><div class='post-entry post-entry-type-page post-entry-15'><div class='entry-content-wrapper clearfix'>\n\n<style type=\"text\/css\" data-created_by=\"avia_inline_auto\" id=\"style-css-av-3wl77-1996c6e5ec08093bd23bfb51f50db503\">\n.flex_column.av-3wl77-1996c6e5ec08093bd23bfb51f50db503{\nborder-radius:0px 0px 0px 0px;\npadding:0px 0px 0px 0px;\n}\n<\/style>\n<div  class='flex_column av-3wl77-1996c6e5ec08093bd23bfb51f50db503 av_one_third  avia-builder-el-1  el_after_av_layerslider  el_before_av_one_third  avia-builder-el-first  first flex_column_div av-zero-column-padding  '     ><section  class='av_textblock_section av-34ovn-9916fa95413d887a5119a6d85b952366 '   itemscope=\"itemscope\" itemtype=\"https:\/\/schema.org\/CreativeWork\" ><div class='avia_textblock hero-li av_inherit_color'  itemprop=\"text\" ><ul class=\"pink\">\n<li>HARMONIZACE VAGIN\u00c1LN\u00cdHO PROST\u0158ED\u00cd<\/li>\n<\/ul>\n<\/div><\/section><\/div>\n\n<style type=\"text\/css\" data-created_by=\"avia_inline_auto\" id=\"style-css-av-2t7zr-2b2bee312e070d23bcc61e577304e838\">\n.flex_column.av-2t7zr-2b2bee312e070d23bcc61e577304e838{\nborder-radius:0px 0px 0px 0px;\npadding:0px 0px 0px 0px;\n}\n<\/style>\n<div  class='flex_column av-2t7zr-2b2bee312e070d23bcc61e577304e838 av_one_third  avia-builder-el-3  el_after_av_one_third  el_before_av_one_third  flex_column_div av-zero-column-padding  '     ><section  class='av_textblock_section av-24x83-abbd519a96fdda724ab52676615bcd06 '   itemscope=\"itemscope\" itemtype=\"https:\/\/schema.org\/CreativeWork\" ><div class='avia_textblock hero-li av_inherit_color'  itemprop=\"text\" ><ul class=\"pink\">\n<li>HARMONIZACE ST\u0158EVN\u00cdHO EKOSYST\u00c9MU<\/li>\n<\/ul>\n<\/div><\/section><\/div>\n\n<style type=\"text\/css\" data-created_by=\"avia_inline_auto\" id=\"style-css-av-2t7zr-2-08796ba63aeb4b78eafe72271db1bb7e\">\n.flex_column.av-2t7zr-2-08796ba63aeb4b78eafe72271db1bb7e{\nborder-radius:0px 0px 0px 0px;\npadding:0px 0px 0px 0px;\n}\n<\/style>\n<div  class='flex_column av-2t7zr-2-08796ba63aeb4b78eafe72271db1bb7e av_one_third  avia-builder-el-5  el_after_av_one_third  el_before_av_promobox  flex_column_div av-zero-column-padding  '     ><section  class='av_textblock_section av-24x83-1-45e335f9891d6b399582ba424c868b6a '   itemscope=\"itemscope\" itemtype=\"https:\/\/schema.org\/CreativeWork\" ><div class='avia_textblock hero-li av_inherit_color'  itemprop=\"text\" ><ul class=\"pink\">\n<li>PODPORA IMUNITY<\/li>\n<\/ul>\n<\/div><\/section><\/div>\n<div  class='av_promobox av-1ghtr-f8619a1b84cbcce522f252d8f5e462fa avia-button-no  avia-builder-el-7  el_after_av_one_third  el_before_av_one_full '><div class='avia-promocontent'><\/p>\n<p style=\"text-align: center;font-size: 18px\">GYNIMUN<sup>\u00ae<\/sup> TRIO VAGICARE je ur\u010den pro \u017eeny, kter\u00e9 cht\u011bj\u00ed maxim\u00e1ln\u011b (a p\u0159itom p\u0159irozen\u011b) podpo\u0159it sv\u00e9 vnit\u0159n\u00ed prost\u0159ed\u00ed, imunitn\u00ed syst\u00e9m a hlavn\u011b vagin\u00e1ln\u00ed obrann\u00e9 funkce. Obsahuje t\u0159i slo\u017eky\/komplexy, kter\u00e9 spolu dohromady tvo\u0159\u00ed ide\u00e1ln\u00ed podporu pro dlouhodob\u00fd vagin\u00e1ln\u00ed komfort.<\/p>\n<p>\n<\/div><\/div>\n\n<style type=\"text\/css\" data-created_by=\"avia_inline_auto\" id=\"style-css-av-3ep3-bb016fee1c8f1a178bfcc51e8bf4d7d9\">\n.flex_column.av-3ep3-bb016fee1c8f1a178bfcc51e8bf4d7d9{\nborder-radius:0px 0px 0px 0px;\npadding:0px 0px 0px 0px;\n}\n<\/style>\n<div  class='flex_column av-3ep3-bb016fee1c8f1a178bfcc51e8bf4d7d9 av_one_full  avia-builder-el-8  el_after_av_promobox  el_before_av_textblock  first flex_column_div av-zero-column-padding  '     ><section  class='av_textblock_section av-ld7lsk1d-61b8458dc2383d5307814c415961e382 '   itemscope=\"itemscope\" itemtype=\"https:\/\/schema.org\/CreativeWork\" ><div class='avia_textblock'  itemprop=\"text\" ><p><img loading=\"lazy\" decoding=\"async\" class=\"size-large wp-image-527 aligncenter\" src=\"https:\/\/www.gynimun.cz\/gynimun-trio\/wp-content\/uploads\/sites\/5\/2023\/01\/gynimun-trio-web-texty-1030x873.png\" alt=\"\" width=\"1030\" height=\"873\" srcset=\"https:\/\/www.gynimun.cz\/gynimun-trio\/wp-content\/uploads\/sites\/5\/2023\/01\/gynimun-trio-web-texty-1030x873.png 1030w, https:\/\/www.gynimun.cz\/gynimun-trio\/wp-content\/uploads\/sites\/5\/2023\/01\/gynimun-trio-web-texty-300x254.png 300w, https:\/\/www.gynimun.cz\/gynimun-trio\/wp-content\/uploads\/sites\/5\/2023\/01\/gynimun-trio-web-texty-768x651.png 768w, https:\/\/www.gynimun.cz\/gynimun-trio\/wp-content\/uploads\/sites\/5\/2023\/01\/gynimun-trio-web-texty-705x597.png 705w, https:\/\/www.gynimun.cz\/gynimun-trio\/wp-content\/uploads\/sites\/5\/2023\/01\/gynimun-trio-web-texty.png 1200w\" sizes=\"auto, (max-width: 1030px) 100vw, 1030px\" \/><\/p>\n<\/div><\/section><\/div>\n<section  class='av_textblock_section av-y20j-19718375eb717ba8a9aa252758a77f4f '   itemscope=\"itemscope\" itemtype=\"https:\/\/schema.org\/CreativeWork\" ><div class='avia_textblock'  itemprop=\"text\" ><h2 id=\"vaginalni-laktobacily\">Lidsk\u00e9 vagin\u00e1ln\u00ed laktobacily<\/h2>\n<p>Z\u00a0v\u00edce ne\u017e 220 zn\u00e1m\u00fdch druh\u016f laktobacil\u016f je pouze osm z\u00a0nich p\u0159izp\u016fsobeno vagin\u00e1ln\u00edmu prost\u0159ed\u00ed (je pro n\u011b p\u0159irozen\u00e9 \u201edom\u00e1c\u00ed\u201c). T\u0159i druhy vagin\u00e1ln\u00edch laktobacil\u016f jsou tak zvan\u00e9 \u201edomin\u00e1tory\u201c (tedy p\u0159edstavuj\u00ed v\u00edce ne\u017e 90% zdrav\u00e9ho vagin\u00e1ln\u00edho mikrobiomu). Nejvhodn\u011bj\u0161\u00edm \u201edomin\u00e1torem\u201c (z pohledu ochrany vagin\u00e1ln\u00ed sliznice p\u0159ed n\u00e1kazou viry \u010di bakteriemi) je druh <strong>Lactobacillus crispatus<\/strong>.<\/p>\n<ul>\n<li><strong>Lactobacillus cripatus SP28<\/strong> \u2013 lidsk\u00fd vagin\u00e1ln\u00ed kmen (domin\u00e1tor)<\/li>\n<li><strong>Lactobacillus rhamnosus CA15<\/strong> &#8211; lidsk\u00fd vagin\u00e1ln\u00ed kmen s\u00a0klinicky prok\u00e1zan\u00fdm masivn\u00edm<strong> or\u00e1ln\u011b-vagin\u00e1ln\u00edm transportem<\/strong><\/li>\n<\/ul>\n<h2 id=\"imunolyzaty\">ImunoLyz\u00e1ty<\/h2>\n<p>Bakteri\u00e1ln\u00ed lyz\u00e1ty se v\u00a0medic\u00edn\u011b s \u00fasp\u011bchem pou\u017e\u00edvaj\u00ed ji\u017e dlouhou dobu k podpo\u0159e spr\u00e1vn\u00e9 funkce imunitn\u00edho syst\u00e9mu. Bakteri\u00e1ln\u00ed lyz\u00e1t obsahuje \u010d\u00e1stice mrtv\u00fdch bakteri\u00ed. Tyto \u010d\u00e1stice aktivuj\u00ed n\u00e1\u0161 imunitn\u00ed syst\u00e9m a udr\u017euj\u00ed jeho bd\u011blost a spr\u00e1vnou funkci.<\/p>\n<p><strong>GYNIMUN<sup>\u00ae<\/sup> TRIO VAGICARE<\/strong> obsahuje \u010dty\u0159i ImunoLyz\u00e1ty:<\/p>\n<ul>\n<li><strong>Candida albicans<\/strong> &#8211; nej\u010dast\u011bj\u0161\u00ed p\u016fvodce vagin\u00e1ln\u00ed myk\u00f3zy<\/li>\n<li><strong>Gardnerella vaginalis<\/strong> &#8211; nej\u010dast\u011bj\u0161\u00ed p\u016fvodce bakteri\u00e1ln\u00ed vagin\u00f3zy<\/li>\n<li><strong>Streptococcus agalactiae (GBS) &#8211;<\/strong> p\u016fvodce nebezpe\u010dn\u00fdch infekc\u00ed t\u011bhotn\u00fdch a novorozenc\u016f<\/li>\n<li><strong>Escherichia coli (UPEC)<\/strong> &#8211; a\u017e 90% p\u016fvodce mo\u010dov\u00fdch infekc\u00ed (cystitid)<\/li>\n<\/ul>\n<h2 id=\"entero-complex\">EnteroComplex<\/h2>\n<p>St\u0159evo je nejv\u011bt\u0161\u00ed (70%) imunitn\u00ed rezervo\u00e1r \u010dlov\u011bka. St\u0159evn\u00ed mikrobiota hraje principi\u00e1ln\u00ed roli ve zdrav\u00ed \u010di nemoci. Proto je nesm\u00edrn\u011b d\u016fle\u017eit\u00e9 pr\u016fb\u011b\u017en\u011b pe\u010dovat o jej\u00ed harmonii. K\u00a0tomu se krom\u011b esenci\u00e1ln\u00ed kvalitn\u00ed a pestr\u00e9 stravy pou\u017e\u00edvaj\u00ed vhodn\u011b vybran\u00e9 \u017eiv\u00e9 probiotick\u00e9 bakteri\u00e1ln\u00ed kmeny v\u00a0kombinaci s prebiotiky (l\u00e1tky, kter\u00e9 slou\u017e\u00ed vlastn\u011b jako potrava \u2013 tedy podpora \u2013 pomno\u017een\u00ed \u017e\u00e1douc\u00edch probiotick\u00fdch bakteri\u00ed ve st\u0159ev\u011b).<\/p>\n<ul>\n<li><strong>Lactobacillus rhamnosus GG Onapharm<\/strong> \u2013 nejprob\u00e1dan\u011bj\u0161\u00ed laktobacil\u00e1rn\u00ed (stovky studi\u00ed s \u0159adou klinicky zdokumentovan\u00fdch prosp\u011b\u0161n\u00fdch efekt\u016f) lidsk\u00fd st\u0159evn\u00ed kmen. Kolonizuje tenk\u00e9 i tlust\u00e9 st\u0159evo.<\/li>\n<li><strong>Bifidobacterium animalis BB Onapharm<\/strong> \u2013 nejprob\u00e1dan\u011bj\u0161\u00ed bifidobakteri\u00e1ln\u00ed (p\u0159es sto klinick\u00fdch studi\u00ed s \u0159adou klinicky zdokumentovan\u00fdch prosp\u011b\u0161n\u00fdch efekt\u016f) lidsk\u00fd st\u0159evn\u00ed kmen, \u010dasto pod\u00e1van\u00fd a zkouman\u00fd v kombinaci s SP1.<\/li>\n<li><strong>FOS <\/strong>\u00a0&#8211; patentovan\u00e9 pr\u00e9miov\u00e9 prebiotikum s\u00a0mohutn\u00fdm bifidogenn\u00edm \u00fa\u010dinkem.<\/li>\n<\/ul>\n<\/div><\/section>\n","protected":false},"excerpt":{"rendered":"","protected":false},"author":1,"featured_media":0,"parent":0,"menu_order":0,"comment_status":"closed","ping_status":"closed","template":"","meta":{"footnotes":""},"class_list":["post-15","page","type-page","status-publish","hentry"],"aioseo_notices":[],"_links":{"self":[{"href":"https:\/\/www.gynimun.cz\/gynimun-trio\/wp-json\/wp\/v2\/pages\/15","targetHints":{"allow":["GET"]}}],"collection":[{"href":"https:\/\/www.gynimun.cz\/gynimun-trio\/wp-json\/wp\/v2\/pages"}],"about":[{"href":"https:\/\/www.gynimun.cz\/gynimun-trio\/wp-json\/wp\/v2\/types\/page"}],"author":[{"embeddable":true,"href":"https:\/\/www.gynimun.cz\/gynimun-trio\/wp-json\/wp\/v2\/users\/1"}],"replies":[{"embeddable":true,"href":"https:\/\/www.gynimun.cz\/gynimun-trio\/wp-json\/wp\/v2\/comments?post=15"}],"version-history":[{"count":55,"href":"https:\/\/www.gynimun.cz\/gynimun-trio\/wp-json\/wp\/v2\/pages\/15\/revisions"}],"predecessor-version":[{"id":646,"href":"https:\/\/www.gynimun.cz\/gynimun-trio\/wp-json\/wp\/v2\/pages\/15\/revisions\/646"}],"wp:attachment":[{"href":"https:\/\/www.gynimun.cz\/gynimun-trio\/wp-json\/wp\/v2\/media?parent=15"}],"curies":[{"name":"wp","href":"https:\/\/api.w.org\/{rel}","templated":true}]}}