{"id":22,"date":"2017-01-30T13:11:53","date_gmt":"2017-01-30T12:11:53","guid":{"rendered":"https:\/\/www.gynimun.cz\/gynimun-rapid\/?page_id=22"},"modified":"2021-01-06T14:11:52","modified_gmt":"2021-01-06T13:11:52","slug":"pro-odborniky","status":"publish","type":"page","link":"https:\/\/www.gynimun.cz\/gynimun-rapid\/pro-odborniky\/","title":{"rendered":"Pro odborn\u00edky"},"content":{"rendered":"<section  class='av_textblock_section av-dvhvu-c1022602fc492b953d7d8df1489d7cb6 '   itemscope=\"itemscope\" itemtype=\"https:\/\/schema.org\/CreativeWork\" ><div class='avia_textblock'  itemprop=\"text\" ><h2>Vybran\u00e9 studie<\/h2>\n<p>Vyberte si studii podle tematick\u00e9ho okruhu. Kliknut\u00edm na tla\u010d\u00edtko se V\u00e1m zobraz\u00ed pouze studie z tohoto okruhu. U ka\u017ed\u00e9 studie m\u00e1te mo\u017enost st\u00e1hnout si ji ve form\u00e1tu PDF.<\/p>\n<\/div><\/section>\n\n<style type=\"text\/css\" data-created_by=\"avia_inline_auto\" id=\"style-css-av-dm42q-0963d081498e3b4fabb8d7136b297ce2\">\n.flex_column.av-dm42q-0963d081498e3b4fabb8d7136b297ce2{\nborder-radius:0px 0px 0px 0px;\npadding:0px 0px 0px 0px;\n}\n<\/style>\n<div  class='flex_column av-dm42q-0963d081498e3b4fabb8d7136b297ce2 av_one_full  avia-builder-el-1  el_after_av_textblock  el_before_av_one_fourth  first flex_column_div av-zero-column-padding  column-top-margin'     ><section  class='av_textblock_section av-crpjy-4d612929fd980d8af58743776ad7f675 '   itemscope=\"itemscope\" itemtype=\"https:\/\/schema.org\/CreativeWork\" ><div class='avia_textblock'  itemprop=\"text\" ><p style=\"text-align: center;\"><a id=\"btn-all\" class=\"btn-study avia-button avia-icon_select-no avia-color-wh avia-size-large\" href=\"#\">Zobrazit v\u0161e<\/a><\/p>\n<\/div><\/section><\/div>\n\n<style type=\"text\/css\" data-created_by=\"avia_inline_auto\" id=\"style-css-av-ccgha-3ad0f083c804e2c1b3ea974b146ebcc2\">\n.flex_column.av-ccgha-3ad0f083c804e2c1b3ea974b146ebcc2{\nborder-radius:0px 0px 0px 0px;\npadding:0px 0px 0px 0px;\n}\n<\/style>\n<div  class='flex_column av-ccgha-3ad0f083c804e2c1b3ea974b146ebcc2 av_one_fourth  avia-builder-el-3  el_after_av_one_full  el_before_av_one_fourth  first flex_column_div av-zero-column-padding  column-top-margin'     ><section  class='av_textblock_section av-brqey-2fcc9a692c5a2cae21b278c529727143 '   itemscope=\"itemscope\" itemtype=\"https:\/\/schema.org\/CreativeWork\" ><div class='avia_textblock'  itemprop=\"text\" ><p style=\"text-align: center;\"><a id=\"btn-vaginoza\" class=\"btn-study avia-button avia-icon_select-no avia-color-green avia-size-large\" href=\"#\"> Bakteri\u00e1ln\u00ed vagin\u00f3za<\/a><\/p>\n<\/div><\/section><\/div>\n\n<style type=\"text\/css\" data-created_by=\"avia_inline_auto\" id=\"style-css-av-9litu-a2347a84e0ccdca52f7c28a71f392340\">\n.flex_column.av-9litu-a2347a84e0ccdca52f7c28a71f392340{\nborder-radius:0px 0px 0px 0px;\npadding:0px 0px 0px 0px;\n}\n<\/style>\n<div  class='flex_column av-9litu-a2347a84e0ccdca52f7c28a71f392340 av_one_fourth  avia-builder-el-5  el_after_av_one_fourth  el_before_av_one_fourth  flex_column_div av-zero-column-padding  column-top-margin'     ><section  class='av_textblock_section av-xru2-f3c3fe34fadaaac1bf2b470b5db98df7 '   itemscope=\"itemscope\" itemtype=\"https:\/\/schema.org\/CreativeWork\" ><div class='avia_textblock'  itemprop=\"text\" ><p style=\"text-align: center;\"><a id=\"btn-kandidoza\" class=\"btn-study avia-button avia-icon_select-no avia-color-orange avia-size-large\" href=\"#\">Kandid\u00f3za<\/a><\/p>\n<\/div><\/section><\/div>\n\n<style type=\"text\/css\" data-created_by=\"avia_inline_auto\" id=\"style-css-av-14ltm-eb214da2d850acbee378bdd26d97914d\">\n.flex_column.av-14ltm-eb214da2d850acbee378bdd26d97914d{\nborder-radius:0px 0px 0px 0px;\npadding:0px 0px 0px 0px;\n}\n<\/style>\n<div  class='flex_column av-14ltm-eb214da2d850acbee378bdd26d97914d av_one_fourth  avia-builder-el-7  el_after_av_one_fourth  el_before_av_one_fourth  flex_column_div av-zero-column-padding  column-top-margin'     ><section  class='av_textblock_section av-aesoq-056d9744121e96a6e88a65108e537a3f '   itemscope=\"itemscope\" itemtype=\"https:\/\/schema.org\/CreativeWork\" ><div class='avia_textblock'  itemprop=\"text\" ><p style=\"text-align: center;\"><a id=\"btn-trichomonaza\" class=\"btn-study avia-button avia-icon_select-no avia-color-grey avia-size-large\" href=\"#\">Trichomon\u00e1za<\/a><\/p>\n<\/div><\/section><\/div>\n\n<style type=\"text\/css\" data-created_by=\"avia_inline_auto\" id=\"style-css-av-793pi-1aa00948e9b568376c735a88bb42b60c\">\n.flex_column.av-793pi-1aa00948e9b568376c735a88bb42b60c{\nborder-radius:0px 0px 0px 0px;\npadding:0px 0px 0px 0px;\n}\n<\/style>\n<div  class='flex_column av-793pi-1aa00948e9b568376c735a88bb42b60c av_one_fourth  avia-builder-el-9  el_after_av_one_fourth  el_before_av_textblock  flex_column_div av-zero-column-padding  column-top-margin'     ><section  class='av_textblock_section av-6w8z6-ccfe2af677a4fccd302468c56f93690e '   itemscope=\"itemscope\" itemtype=\"https:\/\/schema.org\/CreativeWork\" ><div class='avia_textblock'  itemprop=\"text\" ><p style=\"text-align: center;\"><a id=\"btn-vaginitis\" class=\"btn-study avia-button avia-icon_select-no avia-color-red avia-size-large\" href=\"#\">Atrofick\u00e1 vaginitis<\/a><\/p>\n<\/div><\/section><\/div>\n<section  class='av_textblock_section av-kjlafhd8-38fd4e05b76393708ad4b98e621ba15b '   itemscope=\"itemscope\" itemtype=\"https:\/\/schema.org\/CreativeWork\" ><div class='avia_textblock'  itemprop=\"text\" ><div class=\"study vaginoza\"><span class=\"tag tag-vaginoza\">Bakteri\u00e1ln\u00ed vagin\u00f3za<\/span><a href=\"https:\/\/pubmed.ncbi.nlm.nih.gov\/21995156\/\" target=\"_blank\" rel=\"noopener\">https:\/\/pubmed.ncbi.nlm.nih.gov\/21995156\/<\/a><\/p>\n<p><a href=\"https:\/\/pubmed.ncbi.nlm.nih.gov\/19704395\/\" target=\"_blank\" rel=\"noopener\">https:\/\/pubmed.ncbi.nlm.nih.gov\/19704395\/<\/a><\/p>\n<p><a href=\"https:\/\/pubmed.ncbi.nlm.nih.gov\/31663976\/\" target=\"_blank\" rel=\"noopener\">https:\/\/pubmed.ncbi.nlm.nih.gov\/31663976\/<\/a><\/p>\n<p><a href=\"https:\/\/pubmed.ncbi.nlm.nih.gov\/15925053\/\" target=\"_blank\" rel=\"noopener\">https:\/\/pubmed.ncbi.nlm.nih.gov\/15925053\/<\/a><\/p>\n<p><a href=\"https:\/\/www.sciencedirect.com\/science\/article\/abs\/pii\/S0011393X00900043\" target=\"_blank\" rel=\"noopener\">https:\/\/www.sciencedirect.com\/science\/article\/abs\/pii\/S0011393X00900043<\/a><\/p>\n<\/div>\n<div class=\"study kandidoza\"><span class=\"tag tag-kandidoza\">Kandid\u00f3za<\/span><a href=\"https:\/\/pubmed.ncbi.nlm.nih.gov\/31663976\/\" target=\"_blank\" rel=\"noopener\">https:\/\/pubmed.ncbi.nlm.nih.gov\/31663976\/<\/a><\/p>\n<p><a href=\"https:\/\/www.ncbi.nlm.nih.gov\/pmc\/articles\/PMC3932255\/\" target=\"_blank\" rel=\"noopener\">https:\/\/www.ncbi.nlm.nih.gov\/pmc\/articles\/PMC3932255\/<\/a><\/p>\n<p><a href=\"https:\/\/www.medicinapropraxi.cz\/artkey\/med-201102-0008_Soucasne_trendy_v_lecbe_vulvovaginalniho_diskomfortu.php\" target=\"_blank\" rel=\"noopener\">https:\/\/www.medicinapropraxi.cz\/artkey\/med-201102-0008_Soucasne_trendy_v_lecbe_vulvovaginalniho_diskomfortu.php<\/a><\/p>\n<\/div>\n<div class=\"study trichomonaza\"><span class=\"tag tag-trichomonaza\">Trichomon\u00e1za<\/span><a href=\"https:\/\/www.medicinapropraxi.cz\/artkey\/med-201102-0008_Soucasne_trendy_v_lecbe_vulvovaginalniho_diskomfortu.php\" target=\"_blank\" rel=\"noopener\">https:\/\/www.medicinapropraxi.cz\/artkey\/med-201102-0008_Soucasne_trendy_v_lecbe_vulvovaginalniho_diskomfortu.php<\/a><\/p>\n<p><a href=\"https:\/\/pubmed.ncbi.nlm.nih.gov\/25581807\/\" target=\"_blank\" rel=\"noopener\">https:\/\/pubmed.ncbi.nlm.nih.gov\/25581807\/<\/a><\/p>\n<p><a href=\"https:\/\/pubmed.ncbi.nlm.nih.gov\/22877600\/\" target=\"_blank\" rel=\"noopener\">https:\/\/pubmed.ncbi.nlm.nih.gov\/22877600\/<\/a><\/p>\n<\/div>\n<div class=\"study vaginitis\"><span class=\"tag tag-vaginitis\">Atrofick\u00e1 vaginitis<\/span><a href=\"https:\/\/pubmed.ncbi.nlm.nih.gov\/27831658\/\" target=\"_blank\" rel=\"noopener\">https:\/\/pubmed.ncbi.nlm.nih.gov\/27831658\/<\/a><\/p>\n<p><a href=\"https:\/\/pubmed.ncbi.nlm.nih.gov\/23574713\/\" target=\"_blank\" rel=\"noopener\">https:\/\/pubmed.ncbi.nlm.nih.gov\/23574713\/<\/a><\/p>\n<p><a href=\"https:\/\/pubmed.ncbi.nlm.nih.gov\/27831658\/\" target=\"_blank\" rel=\"noopener\">https:\/\/pubmed.ncbi.nlm.nih.gov\/27831658\/<\/a><\/p>\n<p><a href=\"https:\/\/www.researchgate.net\/publication\/258215461_Is_vaginal_hyaluronic_acid_as_effective_as_vaginal_estriol_for_vaginal_dryness_relief\" target=\"_blank\" rel=\"noopener\">https:\/\/www.researchgate.net\/publication\/258215461_Is_vaginal_hyaluronic_acid_as_effective_as_vaginal_estriol_for_vaginal_dryness_relief<\/a><\/p>\n<\/div>\n<\/div><\/section>\n\n","protected":false},"excerpt":{"rendered":"","protected":false},"author":1,"featured_media":0,"parent":0,"menu_order":0,"comment_status":"closed","ping_status":"closed","template":"","meta":{"footnotes":""},"class_list":["post-22","page","type-page","status-publish","hentry"],"aioseo_notices":[],"_links":{"self":[{"href":"https:\/\/www.gynimun.cz\/gynimun-rapid\/wp-json\/wp\/v2\/pages\/22","targetHints":{"allow":["GET"]}}],"collection":[{"href":"https:\/\/www.gynimun.cz\/gynimun-rapid\/wp-json\/wp\/v2\/pages"}],"about":[{"href":"https:\/\/www.gynimun.cz\/gynimun-rapid\/wp-json\/wp\/v2\/types\/page"}],"author":[{"embeddable":true,"href":"https:\/\/www.gynimun.cz\/gynimun-rapid\/wp-json\/wp\/v2\/users\/1"}],"replies":[{"embeddable":true,"href":"https:\/\/www.gynimun.cz\/gynimun-rapid\/wp-json\/wp\/v2\/comments?post=22"}],"version-history":[{"count":68,"href":"https:\/\/www.gynimun.cz\/gynimun-rapid\/wp-json\/wp\/v2\/pages\/22\/revisions"}],"predecessor-version":[{"id":535,"href":"https:\/\/www.gynimun.cz\/gynimun-rapid\/wp-json\/wp\/v2\/pages\/22\/revisions\/535"}],"wp:attachment":[{"href":"https:\/\/www.gynimun.cz\/gynimun-rapid\/wp-json\/wp\/v2\/media?parent=22"}],"curies":[{"name":"wp","href":"https:\/\/api.w.org\/{rel}","templated":true}]}}