{"id":20,"date":"2020-01-30T13:11:44","date_gmt":"2020-01-30T12:11:44","guid":{"rendered":"https:\/\/www.gynimun.cz\/gynimun-rapid\/?page_id=20"},"modified":"2025-09-18T10:23:11","modified_gmt":"2025-09-18T09:23:11","slug":"navod-k-pouziti","status":"publish","type":"page","link":"https:\/\/www.gynimun.cz\/gynimun-rapid\/navod-k-pouziti\/","title":{"rendered":"N\u00e1vod k pou\u017eit\u00ed"},"content":{"rendered":"\n<style type=\"text\/css\" data-created_by=\"avia_inline_auto\" id=\"style-css-av-1dht0-95c77831456ef7f51184648e23714106\">\n.flex_column.av-1dht0-95c77831456ef7f51184648e23714106{\nborder-radius:0px 0px 0px 0px;\npadding:0px 0px 0px 0px;\n}\n<\/style>\n<div  class='flex_column av-1dht0-95c77831456ef7f51184648e23714106 av_one_half  avia-builder-el-0  el_before_av_one_half  avia-builder-el-first  first flex_column_div av-zero-column-padding  '     ><section  class='av_textblock_section av-kjlgcemi-18341243fa183518b50a22627b570f29 '   itemscope=\"itemscope\" itemtype=\"https:\/\/schema.org\/CreativeWork\" ><div class='avia_textblock'  itemprop=\"text\" ><p style=\"text-align: left\"><img loading=\"lazy\" decoding=\"async\" class=\"size-full wp-image-473 alignleft\" src=\"https:\/\/www.gynimun.cz\/gynimun-rapid\/wp-content\/uploads\/sites\/4\/2021\/01\/logo-gynimun-rapid.png\" alt=\"\" width=\"520\" height=\"56\" srcset=\"https:\/\/www.gynimun.cz\/gynimun-rapid\/wp-content\/uploads\/sites\/4\/2021\/01\/logo-gynimun-rapid.png 520w, https:\/\/www.gynimun.cz\/gynimun-rapid\/wp-content\/uploads\/sites\/4\/2021\/01\/logo-gynimun-rapid-300x32.png 300w, https:\/\/www.gynimun.cz\/gynimun-rapid\/wp-content\/uploads\/sites\/4\/2021\/01\/logo-gynimun-rapid-450x48.png 450w\" sizes=\"auto, (max-width: 520px) 100vw, 520px\" \/><\/p>\n<\/div><\/section><\/div>\n\n<style type=\"text\/css\" data-created_by=\"avia_inline_auto\" id=\"style-css-av-ye7k-4416ca0630851a1c15fe8a185943cd30\">\n.flex_column.av-ye7k-4416ca0630851a1c15fe8a185943cd30{\nborder-radius:0px 0px 0px 0px;\npadding:0px 0px 0px 0px;\n}\n<\/style>\n<div  class='flex_column av-ye7k-4416ca0630851a1c15fe8a185943cd30 av_one_half  avia-builder-el-2  el_after_av_one_half  el_before_av_one_full  flex_column_div av-zero-column-padding  '     ><section  class='av_textblock_section av-kjlgcemi-1-d0664a06d9c23284dbc23389be56bd98 '   itemscope=\"itemscope\" itemtype=\"https:\/\/schema.org\/CreativeWork\" ><div class='avia_textblock'  itemprop=\"text\" ><p style=\"text-align: right\"><strong>zdravotnick\u00fd prost\u0159edek<\/strong><\/p>\n<\/div><\/section><\/div>\n\n<style type=\"text\/css\" data-created_by=\"avia_inline_auto\" id=\"style-css-av-ri28-4f84469387299e3ef9d1306829c42303\">\n.flex_column.av-ri28-4f84469387299e3ef9d1306829c42303{\nborder-radius:0px 0px 0px 0px;\npadding:0px 0px 0px 0px;\n}\n<\/style>\n<div  class='flex_column av-ri28-4f84469387299e3ef9d1306829c42303 av_one_full  avia-builder-el-4  el_after_av_one_half  el_before_av_textblock  first flex_column_div av-zero-column-padding  column-top-margin'     ><section  class='av_textblock_section av-kjlg9cm8-dcb0f2dda70f8410fd667c5595437cd7 '   itemscope=\"itemscope\" itemtype=\"https:\/\/schema.org\/CreativeWork\" ><div class='avia_textblock'  itemprop=\"text\" ><p><strong>SLO\u017dEN\u00cd \u010c\u00cdPKU<\/strong>: Kyselina borit\u00e1, sodn\u00e1 s\u016fl kyseliny hyaluronov\u00e9, polycarbophyl, kyselina ml\u00e9\u010dn\u00e1, tocopheryl acet\u00e1t, vitamin A, 18-beta-glycyrrhetinic acid, tea tree oil, polosyntetick\u00e9 triglyceridy, fosfatidilcholin.<\/p>\n<p><strong>POPIS:<\/strong> Gynimun rapid vagin\u00e1ln\u00ed \u010d\u00edpky je zdravotnick\u00fd prost\u0159edek, kter\u00fd pom\u00e1h\u00e1 udr\u017eovat p\u0159irozenou obranyschopnost vaginy a podporuje zotaven\u00ed norm\u00e1ln\u00ed vagin\u00e1ln\u00ed mikrofl\u00f3ry. Kyselina hyaluronov\u00e1, borit\u00e1 a ml\u00e9\u010dn\u00e1 pom\u00e1haj\u00ed odstranit nep\u0159\u00edjemn\u00e9 symptomy zp\u016fsoben\u00e9 poru\u0161enou hydratac\u00ed a\/nebo pH vaginy. Kyselina hyaluronov\u00e1 (sodn\u00e1 s\u016fl) v d\u00e1vce 10 mg v jednom \u010d\u00edpku hydratuje a lubrikuje, \u010d\u00edm\u017e p\u016fsob\u00ed proti vagin\u00e1ln\u00ed suchosti a pom\u00e1h\u00e1 obnovit p\u0159irozen\u00e9 a komfortn\u00ed vagin\u00e1ln\u00ed prost\u0159ed\u00ed. Kyselina ml\u00e9\u010dn\u00e1 \u2013 b\u011b\u017en\u011b p\u0159\u00edtomn\u00e1 ve vagin\u011b \u2013 indukuje okam\u017eitou korekci pH a podporuje p\u0159irozen\u00e9 zotaven\u00ed vulvovagin\u00e1ln\u00edho ekosyst\u00e9mu. Kyselina borit\u00e1 d\u00edky sv\u00e9 d\u00e9letrvaj\u00edc\u00ed v\u00fddr\u017ei ve vagin\u00e1ln\u00edm prost\u0159ed\u00ed pom\u00e1h\u00e1 dlouhodob\u011bji sni\u017eovat vagin\u00e1ln\u00ed pH.<\/p>\n<p><strong>INDIKACE<\/strong>: Gynimun rapid se u\u017e\u00edv\u00e1 p\u0159i prevenci a l\u00e9\u010db\u011b vagin\u00e1ln\u00ed suchosti, v\u010detn\u011b suchosti mykotick\u00e9ho charakteru. Pom\u00e1h\u00e1 p\u0159i podr\u00e1\u017ed\u011bn\u00ed, p\u00e1len\u00ed a sv\u011bd\u011bn\u00ed.<\/p>\n<p><strong>D\u00c1VKOV\u00c1N\u00cd<\/strong>: Zav\u00e1d\u011bjte 1 \u010d\u00edpek denn\u011b do vaginy &#8211; ide\u00e1ln\u011b ve\u010der p\u0159ed span\u00edm &#8211; po dobu 5\u20137 dn\u00ed po skon\u010den\u00ed menstruace nebo dle doporu\u010den\u00ed Va\u0161eho l\u00e9ka\u0159e.<\/p>\n<p><strong>ZP\u016eSOB U\u017dIT\u00cd<\/strong>:<\/p>\n<ol>\n<li>Omyjte vagin\u00e1ln\u00ed oblast (nejl\u00e9pe jak zevn\u011b, tak vnit\u0159n\u011b)<\/li>\n<li>\u010cist\u00fdma rukama vyjm\u011bte jeden \u010d\u00edpek z blistru<\/li>\n<li>Jemn\u011b \u010d\u00edpek zave\u010fte hluboko do vaginy, nejl\u00e9pe v pozici vle\u017ee na z\u00e1dech, abyste zabr\u00e1nila riziku  vypadnut\u00ed \u010d\u00edpku<\/li>\n<\/ol>\n<p><strong>SKLADOV\u00c1N\u00cd<\/strong>: Uchov\u00e1vejte balen\u00ed spr\u00e1vn\u011b zav\u0159en\u00e9 na such\u00e9m, temn\u00e9m m\u00edst\u011b mimo zdroje tepla, p\u0159i pokojov\u00e9 teplot\u011b (5\u201325 \u00b0C).<\/p>\n<p><strong>NE\u017d\u00c1DOUC\u00cd \u00da\u010cINKY \/ KONTRAINDIKACE<\/strong>: Zn\u00e1m\u00e1 p\u0159ecitliv\u011blost na jakoukoli slo\u017eku p\u0159\u00edpravku.<\/p>\n<p><strong>VAROV\u00c1N\u00cd<\/strong>: Udr\u017eujte mimo dosah a dohled d\u011bt\u00ed. Nepolykejte. Nepou\u017e\u00edvejte, pokud se k V\u00e1m balen\u00ed dostalo otev\u0159en\u00e9 nebo po\u0161kozen\u00e9. Nepou\u017e\u00edvejte produkt po uplynut\u00ed doby expirace. Doba expirace plat\u00ed pro neotev\u0159en\u00e9 a spr\u00e1vn\u011b skladovan\u00e9 balen\u00ed. Neu\u017e\u00edvejte produkt p\u0159i poran\u011bn\u00ed vaginy. Neu\u017e\u00edvejte v pr\u016fb\u011bhu menstruace. Nep\u0159ekra\u010dujte dobu u\u017e\u00edv\u00e1n\u00ed, pokud takov\u00fd postup neschv\u00e1lil V\u00e1\u0161 l\u00e9ka\u0159. U\u017e\u00edv\u00e1n\u00ed \u2013 obzvl\u00e1\u0161\u0165 prodlou\u017een\u00e9 \u2013 m\u016f\u017ee v\u00e9st k projev\u016fm p\u0159ecitliv\u011blosti. V takov\u00e9m p\u0159\u00edpad\u011b p\u0159eru\u0161te l\u00e9\u010dbu a konzultujte se sv\u00fdm l\u00e9ka\u0159em ohledn\u011b dal\u0161\u00edho postupu. Je d\u016fle\u017eit\u00e9, abyste informovala l\u00e9ka\u0159e nebo l\u00e9k\u00e1rn\u00edka o jak\u00fdchkoli ne\u017e\u00e1douc\u00edch \u00fa\u010dinc\u00edch, kter\u00e9 nejsou pops\u00e1ny v p\u0159\u00edbalov\u00e9m let\u00e1ku.<\/p>\n<p><strong>UPOZORN\u011aN\u00cd<\/strong>: B\u011bhem t\u011bhotenstv\u00ed, kojen\u00ed a u d\u011bt\u00ed je pou\u017eit\u00ed produktu vhodn\u00e9 jen ve zcela indikovan\u00fdch p\u0159\u00edpadech a pod p\u0159\u00edmou kontrolou l\u00e9ka\u0159e. P\u0159i neporu\u0161en\u00e9 panensk\u00e9 bl\u00e1n\u011b konzultujte s Va\u0161\u00edm l\u00e9ka\u0159em o zp\u016fsobu zav\u00e1d\u011bn\u00ed. Jednor\u00e1zov\u00fd prost\u0159edek. V p\u0159\u00edpad\u011b n\u00e1hodn\u00e9ho vypadnut\u00ed \u010d\u00edpku z vaginy ho znovu nezav\u00e1d\u011bjte.<\/p>\n<p><strong>BALEN\u00cd<\/strong>: Skl\u00e1da\u010dka se 2 blistry, kter\u00e9 obsahuj\u00ed 10 vagin\u00e1ln\u00edch \u010d\u00edpk\u016f \u00e1 2 gramy.<\/p>\n<\/div><\/section><\/div>\n<section  class='av_textblock_section av-kjlgbcg7-86b57518da78ba29e279b56cd61402be '   itemscope=\"itemscope\" itemtype=\"https:\/\/schema.org\/CreativeWork\" ><div class='avia_textblock'  itemprop=\"text\" ><p>V licenci Capricorn Life Sciences b.v. (Netherlands)<\/p>\n<p><strong>V\u00fdrobce<\/strong>:<\/p>\n<p>Gruppo Farmaimpresa srl<\/p>\n<p>Via Cipro, 1 \u2013 25124 Brescia Ital<\/p>\n<\/div><\/section>\n\n<style type=\"text\/css\" data-created_by=\"avia_inline_auto\" id=\"style-css-av-2hs44-e8a8e0817362fbefbc585c42f29bc743\">\n.flex_column.av-2hs44-e8a8e0817362fbefbc585c42f29bc743{\nborder-radius:0px 0px 0px 0px;\npadding:0px 0px 0px 0px;\n}\n<\/style>\n<div  class='flex_column av-2hs44-e8a8e0817362fbefbc585c42f29bc743 av_one_third  avia-builder-el-7  el_after_av_textblock  el_before_av_one_third  first flex_column_div av-zero-column-padding  column-top-margin'     ><\/div>\n\n<style type=\"text\/css\" data-created_by=\"avia_inline_auto\" id=\"style-css-av-22jkw-87e6bed07a600cc05f23555c00c7e2b3\">\n.flex_column.av-22jkw-87e6bed07a600cc05f23555c00c7e2b3{\nborder-radius:0px 0px 0px 0px;\npadding:0px 0px 0px 0px;\n}\n<\/style>\n<div  class='flex_column av-22jkw-87e6bed07a600cc05f23555c00c7e2b3 av_one_third  avia-builder-el-8  el_after_av_one_third  el_before_av_one_third  flex_column_div av-zero-column-padding  column-top-margin'     ><article  class='iconbox iconbox_top av-1n1h8-087c8fa89c016632c5c11d0d464729e8  avia-builder-el-9  avia-builder-el-no-sibling  main_color'  itemscope=\"itemscope\" itemtype=\"https:\/\/schema.org\/CreativeWork\" ><div class=\"iconbox_content\"><header class=\"entry-content-header\" aria-label=\"Icon: N\u00e1vod k pou\u017eit\u00ed v PDF\"><a href='https:\/\/www.gynimun.cz\/gynimun-rapid\/wp-content\/uploads\/sites\/4\/2021\/01\/OT02_20_Gyn_Rapid_pribalovy_letak_135x220_02-1.pdf' title='N\u00e1vod k pou\u017eit\u00ed v PDF'  class=\"iconbox_icon heading-color\" aria-hidden='true' data-av_icon='\ue82d' data-av_iconfont='entypo-fontello'><\/a><h3 class='iconbox_content_title '  itemprop=\"headline\" ><a href='https:\/\/www.gynimun.cz\/gynimun-rapid\/wp-content\/uploads\/sites\/4\/2021\/01\/OT02_20_Gyn_Rapid_pribalovy_letak_135x220_02-1.pdf' title='N\u00e1vod k pou\u017eit\u00ed v PDF' >N\u00e1vod k pou\u017eit\u00ed v PDF<\/a><\/h3><\/header><div class='iconbox_content_container '  itemprop=\"text\" ><p style=\"text-align: center\"><a href=\"https:\/\/www.gynimun.cz\/gynimun-rapid\/wp-content\/uploads\/sites\/4\/2025\/09\/Navod-k-pouziti-Rapid-PDF.pdf\">Ke sta\u017een\u00ed zde<\/a><\/p>\n<\/div><\/div><footer class=\"entry-footer\"><\/footer><\/article><\/div>\n<style type=\"text\/css\" data-created_by=\"avia_inline_auto\" id=\"style-css-av-vlto-f13f9274a1130ac1646b7aeb52161c00\">\n.flex_column.av-vlto-f13f9274a1130ac1646b7aeb52161c00{\nborder-radius:0px 0px 0px 0px;\npadding:0px 0px 0px 0px;\n}\n<\/style>\n<div  class='flex_column av-vlto-f13f9274a1130ac1646b7aeb52161c00 av_one_third  avia-builder-el-10  el_after_av_one_third  avia-builder-el-last  flex_column_div av-zero-column-padding  column-top-margin'     ><\/div><\/p>\n","protected":false},"excerpt":{"rendered":"","protected":false},"author":1,"featured_media":0,"parent":0,"menu_order":0,"comment_status":"closed","ping_status":"closed","template":"","meta":{"footnotes":""},"class_list":["post-20","page","type-page","status-publish","hentry"],"aioseo_notices":[],"_links":{"self":[{"href":"https:\/\/www.gynimun.cz\/gynimun-rapid\/wp-json\/wp\/v2\/pages\/20","targetHints":{"allow":["GET"]}}],"collection":[{"href":"https:\/\/www.gynimun.cz\/gynimun-rapid\/wp-json\/wp\/v2\/pages"}],"about":[{"href":"https:\/\/www.gynimun.cz\/gynimun-rapid\/wp-json\/wp\/v2\/types\/page"}],"author":[{"embeddable":true,"href":"https:\/\/www.gynimun.cz\/gynimun-rapid\/wp-json\/wp\/v2\/users\/1"}],"replies":[{"embeddable":true,"href":"https:\/\/www.gynimun.cz\/gynimun-rapid\/wp-json\/wp\/v2\/comments?post=20"}],"version-history":[{"count":25,"href":"https:\/\/www.gynimun.cz\/gynimun-rapid\/wp-json\/wp\/v2\/pages\/20\/revisions"}],"predecessor-version":[{"id":650,"href":"https:\/\/www.gynimun.cz\/gynimun-rapid\/wp-json\/wp\/v2\/pages\/20\/revisions\/650"}],"wp:attachment":[{"href":"https:\/\/www.gynimun.cz\/gynimun-rapid\/wp-json\/wp\/v2\/media?parent=20"}],"curies":[{"name":"wp","href":"https:\/\/api.w.org\/{rel}","templated":true}]}}