{"id":18,"date":"2017-01-30T13:11:30","date_gmt":"2017-01-30T12:11:30","guid":{"rendered":"https:\/\/www.gynimun.cz\/gynimun-rapid\/?page_id=18"},"modified":"2025-06-10T14:29:51","modified_gmt":"2025-06-10T13:29:51","slug":"jak-uzivat","status":"publish","type":"page","link":"https:\/\/www.gynimun.cz\/gynimun-rapid\/jak-uzivat\/","title":{"rendered":"Jak u\u017e\u00edvat"},"content":{"rendered":"<section  class='av_textblock_section av-3x5ca-2f3ce35b9ee5651231b994ae55bf0127 '   itemscope=\"itemscope\" itemtype=\"https:\/\/schema.org\/CreativeWork\" ><div class='avia_textblock'  itemprop=\"text\" ><h2>ZP\u016eSOB U\u017dIT\u00cd<\/h2>\n<p>(pokud l\u00e9ka\u0159 neur\u010d\u00ed jinak)<\/p>\n<ul>\n<li>jeden \u010d\u00edpek denn\u011b<\/li>\n<li>ide\u00e1ln\u011b ve\u010der p\u0159ed span\u00edm<\/li>\n<li>mimo dny menstrua\u010dn\u00edho krv\u00e1cen\u00ed<\/li>\n<\/ul>\n<h2>N\u00c1VOD<\/h2>\n<ol>\n<li>omyjte intimn\u00ed partie (zevn\u011b i vnit\u0159n\u011b)<\/li>\n<li>\u010dist\u00fdma rukama vyjm\u011bte jeden \u010d\u00edpek z blistru<\/li>\n<li>lehn\u011bte si na z\u00e1da a jemn\u011b \u010d\u00edpek zave\u010fte hluboko do vaginy (zabr\u00e1n\u00edte tak vypadnut\u00ed \u010d\u00edpku)<\/li>\n<\/ol>\n<h3>Jak jednodu\u0161e vyjmout \u010d\u00edpek z obalu<\/h3>\n<\/div><\/section>\n\n<style type=\"text\/css\" data-created_by=\"avia_inline_auto\" id=\"style-css-av-kk46dyoj-86857f015153ae7edd790b0360d63b3f\">\n.avia-video.av-kk46dyoj-86857f015153ae7edd790b0360d63b3f{\nbackground-image:url(https:\/\/www.gynimun.cz\/gynimun-rapid\/wp-content\/uploads\/sites\/4\/2021\/01\/video-thumb-300x168.jpg);\n}\n<\/style>\n<div  class='avia-video av-kk46dyoj-86857f015153ae7edd790b0360d63b3f avia-video-16-9 av-preview-image avia-video-load-always avia-video-html5'  itemprop=\"video\" itemtype=\"https:\/\/schema.org\/VideoObject\"  data-original_url='https:\/\/www.gynimun.cz\/gynimun-rapid\/wp-content\/uploads\/sites\/4\/2021\/01\/20210119_104948_2.mp4'><video class='avia_video' poster=\"https:\/\/www.gynimun.cz\/gynimun-rapid\/wp-content\/uploads\/sites\/4\/2021\/01\/video-thumb-300x168.jpg\"   preload=\"auto\"  controls id='player_18_405866996_895399938'><source src='https:\/\/www.gynimun.cz\/gynimun-rapid\/wp-content\/uploads\/sites\/4\/2021\/01\/20210119_104948_2.mp4' type='video\/mp4' \/><\/video><\/div>\n<section  class='av_textblock_section av-3x5ca-a9859958f49642815edaa1596a0d9dc8 '   itemscope=\"itemscope\" itemtype=\"https:\/\/schema.org\/CreativeWork\" ><div class='avia_textblock'  itemprop=\"text\" ><h2>DOPORU\u010cEN\u00cd<\/h2>\n<p>Po skon\u010den\u00ed k\u00fary GYNIMUNem RAPID doporu\u010dujeme nav\u00e1zat 10-denn\u00ed obnovovac\u00ed k\u00farou <a href=\"https:\/\/www.gynimun.cz\/gynium\/\">GYNIUMem.<\/a><\/p>\n<p><a href=\"https:\/\/www.gynimun.cz\/gynium\/\"><br \/>\n<img loading=\"lazy\" decoding=\"async\" class=\"aligncenter wp-image-636 size-medium\" src=\"https:\/\/www.gynimun.cz\/gynimun-rapid\/wp-content\/uploads\/sites\/4\/2025\/06\/Gynium_3D-1-1030x911-1-300x265.png\" alt=\"\" width=\"300\" height=\"265\" srcset=\"https:\/\/www.gynimun.cz\/gynimun-rapid\/wp-content\/uploads\/sites\/4\/2025\/06\/Gynium_3D-1-1030x911-1-300x265.png 300w, https:\/\/www.gynimun.cz\/gynimun-rapid\/wp-content\/uploads\/sites\/4\/2025\/06\/Gynium_3D-1-1030x911-1-768x679.png 768w, https:\/\/www.gynimun.cz\/gynimun-rapid\/wp-content\/uploads\/sites\/4\/2025\/06\/Gynium_3D-1-1030x911-1-705x624.png 705w, https:\/\/www.gynimun.cz\/gynimun-rapid\/wp-content\/uploads\/sites\/4\/2025\/06\/Gynium_3D-1-1030x911-1.png 1030w\" sizes=\"auto, (max-width: 300px) 100vw, 300px\" \/>.<\/a><\/p>\n<\/div><\/section>\n\n<style type=\"text\/css\" data-created_by=\"avia_inline_auto\" id=\"style-css-av-3cg7a-0ef7312dcfd2526e7fc5a58581e494f4\">\n#top .hr.hr-invisible.av-3cg7a-0ef7312dcfd2526e7fc5a58581e494f4{\nheight:50px;\n}\n<\/style>\n<div  class='hr av-3cg7a-0ef7312dcfd2526e7fc5a58581e494f4 hr-invisible  avia-builder-el-3  el_after_av_textblock  avia-builder-el-last '><span class='hr-inner '><span class=\"hr-inner-style\"><\/span><\/span><\/div>\n","protected":false},"excerpt":{"rendered":"","protected":false},"author":1,"featured_media":0,"parent":0,"menu_order":0,"comment_status":"closed","ping_status":"closed","template":"","meta":{"footnotes":""},"class_list":["post-18","page","type-page","status-publish","hentry"],"aioseo_notices":[],"_links":{"self":[{"href":"https:\/\/www.gynimun.cz\/gynimun-rapid\/wp-json\/wp\/v2\/pages\/18","targetHints":{"allow":["GET"]}}],"collection":[{"href":"https:\/\/www.gynimun.cz\/gynimun-rapid\/wp-json\/wp\/v2\/pages"}],"about":[{"href":"https:\/\/www.gynimun.cz\/gynimun-rapid\/wp-json\/wp\/v2\/types\/page"}],"author":[{"embeddable":true,"href":"https:\/\/www.gynimun.cz\/gynimun-rapid\/wp-json\/wp\/v2\/users\/1"}],"replies":[{"embeddable":true,"href":"https:\/\/www.gynimun.cz\/gynimun-rapid\/wp-json\/wp\/v2\/comments?post=18"}],"version-history":[{"count":28,"href":"https:\/\/www.gynimun.cz\/gynimun-rapid\/wp-json\/wp\/v2\/pages\/18\/revisions"}],"predecessor-version":[{"id":635,"href":"https:\/\/www.gynimun.cz\/gynimun-rapid\/wp-json\/wp\/v2\/pages\/18\/revisions\/635"}],"wp:attachment":[{"href":"https:\/\/www.gynimun.cz\/gynimun-rapid\/wp-json\/wp\/v2\/media?parent=18"}],"curies":[{"name":"wp","href":"https:\/\/api.w.org\/{rel}","templated":true}]}}