{"id":15,"date":"2017-01-30T13:11:15","date_gmt":"2017-01-30T12:11:15","guid":{"rendered":"https:\/\/www.gynimun.cz\/gynimun-rapid\/?page_id=15"},"modified":"2025-08-07T15:55:01","modified_gmt":"2025-08-07T14:55:01","slug":"domu","status":"publish","type":"page","link":"https:\/\/www.gynimun.cz\/gynimun-rapid\/","title":{"rendered":"Dom\u016f"},"content":{"rendered":"<div id='layer_slider_1'  class='avia-layerslider main_color avia-shadow  avia-builder-el-0  el_before_av_textblock  avia-builder-el-first  container_wrap sidebar_right'  style='height: 501px;'  ><\/div><div id='after_layer_slider_1'  class='main_color av_default_container_wrap container_wrap sidebar_right'  ><div class='container av-section-cont-open' ><div class='template-page content  av-content-small alpha units'><div class='post-entry post-entry-type-page post-entry-15'><div class='entry-content-wrapper clearfix'>\n<section  class='av_textblock_section av-16tr7-d98e22d4cd9a69c6adbbe51a71440c8a '   itemscope=\"itemscope\" itemtype=\"https:\/\/schema.org\/CreativeWork\" ><div class='avia_textblock av_inherit_color'  itemprop=\"text\" ><p><strong>Gynimun rapid vagin\u00e1ln\u00ed \u010d\u00edpky\u00a0<\/strong>je zdravotnick\u00fd prost\u0159edek, kter\u00fd pom\u00e1h\u00e1 udr\u017eovat p\u0159irozenou obranyschopnost vaginy a podporuje zotaven\u00ed norm\u00e1ln\u00ed vagin\u00e1ln\u00ed mikrofl\u00f3ry.<\/p>\n<ul>\n<li><strong>Kyselina hyaluronov\u00e1, borit\u00e1 a ml\u00e9\u010dn\u00e1<\/strong>\u00a0pom\u00e1haj\u00ed odstranit nep\u0159\u00edjemn\u00e9 symptomy zp\u016fsoben\u00e9 poru\u0161enou hydratac\u00ed a\/nebo pH vaginy.<\/li>\n<li><strong>Kyselina hyaluronov\u00e1 (sodn\u00e1 s\u016fl)<\/strong>\u00a0v d\u00e1vce 10 mg v jednom \u010d\u00edpku hydratuje a lubrikuje, \u010d\u00edm\u017e p\u016fsob\u00ed proti vagin\u00e1ln\u00ed suchosti a pom\u00e1h\u00e1 obnovit p\u0159irozen\u00e9 a komfortn\u00ed vagin\u00e1ln\u00ed prost\u0159ed\u00ed.<\/li>\n<li><strong>Kyselina ml\u00e9\u010dn\u00e1<\/strong>\u00a0&#8211; b\u011b\u017en\u011b p\u0159\u00edtomn\u00e1 ve vagin\u011b &#8211; indukuje okam\u017eitou korekci pH a podporuje p\u0159irozen\u00e9 zotaven\u00ed vulvovagin\u00e1ln\u00edho ekosyst\u00e9mu.<\/li>\n<li><strong>Kyselina borit\u00e1<\/strong>\u00a0d\u00edky sv\u00e9 d\u00e9letrvaj\u00edc\u00ed v\u00fddr\u017ei ve vagin\u00e1ln\u00edm prost\u0159ed\u00ed pom\u00e1h\u00e1 dlouhodob\u011bji sni\u017eovat vagin\u00e1ln\u00ed pH.<\/li>\n<\/ul>\n<p><strong>P\u0159ed pou\u017eit<\/strong><strong>\u00edm si pozorn\u011b prostudujte n\u00e1vod k pou\u017eit\u00ed<\/strong><\/p>\n<\/div><\/section>\n\n<style type=\"text\/css\" data-created_by=\"avia_inline_auto\" id=\"style-css-av-zvr7-e0de43539379b99960ef223025f41ce7\">\n.flex_column.av-zvr7-e0de43539379b99960ef223025f41ce7{\nborder-radius:0px 0px 0px 0px;\npadding:0px 0px 0px 0px;\n}\n<\/style>\n<div  class='flex_column av-zvr7-e0de43539379b99960ef223025f41ce7 av_one_full  avia-builder-el-2  el_after_av_textblock  avia-builder-el-last  first flex_column_div av-zero-column-padding  column-top-margin'     ><section  class='av_textblock_section av-kjk42i9r-1cf4b46832c8ae946bb2c65758537918 '   itemscope=\"itemscope\" itemtype=\"https:\/\/schema.org\/CreativeWork\" ><div class='avia_textblock'  itemprop=\"text\" ><p><img loading=\"lazy\" decoding=\"async\" class=\"aligncenter wp-image-500 size-large\" src=\"https:\/\/www.gynimun.cz\/gynimun-rapid\/wp-content\/uploads\/sites\/4\/2021\/01\/Gynimun_Rapid_motyl-1030x830.png\" alt=\"\" width=\"1030\" height=\"830\" srcset=\"https:\/\/www.gynimun.cz\/gynimun-rapid\/wp-content\/uploads\/sites\/4\/2021\/01\/Gynimun_Rapid_motyl-1030x830.png 1030w, https:\/\/www.gynimun.cz\/gynimun-rapid\/wp-content\/uploads\/sites\/4\/2021\/01\/Gynimun_Rapid_motyl-300x242.png 300w, https:\/\/www.gynimun.cz\/gynimun-rapid\/wp-content\/uploads\/sites\/4\/2021\/01\/Gynimun_Rapid_motyl-768x619.png 768w, https:\/\/www.gynimun.cz\/gynimun-rapid\/wp-content\/uploads\/sites\/4\/2021\/01\/Gynimun_Rapid_motyl-1536x1238.png 1536w, https:\/\/www.gynimun.cz\/gynimun-rapid\/wp-content\/uploads\/sites\/4\/2021\/01\/Gynimun_Rapid_motyl-1500x1209.png 1500w, https:\/\/www.gynimun.cz\/gynimun-rapid\/wp-content\/uploads\/sites\/4\/2021\/01\/Gynimun_Rapid_motyl-495x400.png 495w, https:\/\/www.gynimun.cz\/gynimun-rapid\/wp-content\/uploads\/sites\/4\/2021\/01\/Gynimun_Rapid_motyl-705x568.png 705w, https:\/\/www.gynimun.cz\/gynimun-rapid\/wp-content\/uploads\/sites\/4\/2021\/01\/Gynimun_Rapid_motyl.png 1981w\" sizes=\"auto, (max-width: 1030px) 100vw, 1030px\" \/><\/p>\n<\/div><\/section><\/div>\n","protected":false},"excerpt":{"rendered":"","protected":false},"author":1,"featured_media":0,"parent":0,"menu_order":0,"comment_status":"closed","ping_status":"closed","template":"","meta":{"footnotes":""},"class_list":["post-15","page","type-page","status-publish","hentry"],"aioseo_notices":[],"_links":{"self":[{"href":"https:\/\/www.gynimun.cz\/gynimun-rapid\/wp-json\/wp\/v2\/pages\/15","targetHints":{"allow":["GET"]}}],"collection":[{"href":"https:\/\/www.gynimun.cz\/gynimun-rapid\/wp-json\/wp\/v2\/pages"}],"about":[{"href":"https:\/\/www.gynimun.cz\/gynimun-rapid\/wp-json\/wp\/v2\/types\/page"}],"author":[{"embeddable":true,"href":"https:\/\/www.gynimun.cz\/gynimun-rapid\/wp-json\/wp\/v2\/users\/1"}],"replies":[{"embeddable":true,"href":"https:\/\/www.gynimun.cz\/gynimun-rapid\/wp-json\/wp\/v2\/comments?post=15"}],"version-history":[{"count":62,"href":"https:\/\/www.gynimun.cz\/gynimun-rapid\/wp-json\/wp\/v2\/pages\/15\/revisions"}],"predecessor-version":[{"id":647,"href":"https:\/\/www.gynimun.cz\/gynimun-rapid\/wp-json\/wp\/v2\/pages\/15\/revisions\/647"}],"wp:attachment":[{"href":"https:\/\/www.gynimun.cz\/gynimun-rapid\/wp-json\/wp\/v2\/media?parent=15"}],"curies":[{"name":"wp","href":"https:\/\/api.w.org\/{rel}","templated":true}]}}