{"id":422,"date":"2018-01-30T09:59:59","date_gmt":"2018-01-30T08:59:59","guid":{"rendered":"https:\/\/www.gynimun.cz\/gynimun-dual\/?page_id=422"},"modified":"2018-01-30T10:47:37","modified_gmt":"2018-01-30T09:47:37","slug":"gynimun-intim-protect","status":"publish","type":"page","link":"https:\/\/www.gynimun.cz\/gynimun-dual\/gynimun-intim-protect\/","title":{"rendered":"Gynimun Intim Protect"},"content":{"rendered":"<section  class='av_textblock_section av-av_textblock-69327586acd67cffffe3fdd9cab91ff1 '   itemscope=\"itemscope\" itemtype=\"https:\/\/schema.org\/CreativeWork\" ><div class='avia_textblock hero-box'  itemprop=\"text\" ><p><img loading=\"lazy\" decoding=\"async\" class=\"wp-image-28 size-medium alignnone\" src=\"https:\/\/www.gynimun.cz\/gynimun-dual\/wp-content\/uploads\/sites\/2\/2017\/01\/logo-gynimun-p-300x103.png\" alt=\"\" width=\"300\" height=\"103\" srcset=\"https:\/\/www.gynimun.cz\/gynimun-dual\/wp-content\/uploads\/sites\/2\/2017\/01\/logo-gynimun-p-300x103.png 300w, https:\/\/www.gynimun.cz\/gynimun-dual\/wp-content\/uploads\/sites\/2\/2017\/01\/logo-gynimun-p-450x154.png 450w, https:\/\/www.gynimun.cz\/gynimun-dual\/wp-content\/uploads\/sites\/2\/2017\/01\/logo-gynimun-p.png 620w\" sizes=\"auto, (max-width: 300px) 100vw, 300px\" \/><\/p>\n<h3>Vagin\u00e1ln\u00ed\u00a0probiotikum<\/h3>\n<ul>\n<li>Patentovan\u00e9 kmeny vagin\u00e1ln\u00edch laktobacil\u016f<\/li>\n<li>Podpora l\u00e9\u010dby vagin\u00e1ln\u00ed myk\u00f3zy<\/li>\n<li>Podpora l\u00e9\u010dby a prevence bakteri\u00e1ln\u00ed vagin\u00f3zy<\/li>\n<li>10 vagin\u00e1ln\u00edch kapsl\u00ed<\/li>\n<\/ul>\n<p><a href=\"https:\/\/www.gynimun.cz\/gynium\/\"><img loading=\"lazy\" decoding=\"async\" class=\"wp-image-404 size-medium alignnone\" src=\"https:\/\/www.gynimun.cz\/wp-content\/uploads\/2018\/01\/gynimun-intim-300x278.png\" alt=\"\" width=\"300\" height=\"278\" \/><\/a><\/p>\n<div  class='avia-button-wrap av-av_button-a2b1e5995e18be3d77e1aed14e41e87e-wrap avia-button-left  avia-builder-el-1  avia-builder-el-no-sibling '><a href='https:\/\/www.gynimun.cz\/gynium\/'  class='avia-button av-av_button-a2b1e5995e18be3d77e1aed14e41e87e av-link-btn avia-icon_select-yes-left-icon avia-size-large avia-position-left avia-color-theme-color'   aria-label=\"Str\u00e1nky Gynimun Intim Protect\"><span class='avia_button_icon avia_button_icon_left' aria-hidden='true' data-av_icon='\ue832' data-av_iconfont='entypo-fontello'><\/span><span class='avia_iconbox_title' >Str\u00e1nky Gynimun Intim Protect<\/span><\/a><\/div>\n<h2><\/h2>\n<\/div><\/section>\n","protected":false},"excerpt":{"rendered":"","protected":false},"author":1,"featured_media":0,"parent":0,"menu_order":0,"comment_status":"closed","ping_status":"closed","template":"","meta":{"footnotes":""},"class_list":["post-422","page","type-page","status-publish","hentry"],"aioseo_notices":[],"_links":{"self":[{"href":"https:\/\/www.gynimun.cz\/gynimun-dual\/wp-json\/wp\/v2\/pages\/422","targetHints":{"allow":["GET"]}}],"collection":[{"href":"https:\/\/www.gynimun.cz\/gynimun-dual\/wp-json\/wp\/v2\/pages"}],"about":[{"href":"https:\/\/www.gynimun.cz\/gynimun-dual\/wp-json\/wp\/v2\/types\/page"}],"author":[{"embeddable":true,"href":"https:\/\/www.gynimun.cz\/gynimun-dual\/wp-json\/wp\/v2\/users\/1"}],"replies":[{"embeddable":true,"href":"https:\/\/www.gynimun.cz\/gynimun-dual\/wp-json\/wp\/v2\/comments?post=422"}],"version-history":[{"count":3,"href":"https:\/\/www.gynimun.cz\/gynimun-dual\/wp-json\/wp\/v2\/pages\/422\/revisions"}],"predecessor-version":[{"id":424,"href":"https:\/\/www.gynimun.cz\/gynimun-dual\/wp-json\/wp\/v2\/pages\/422\/revisions\/424"}],"wp:attachment":[{"href":"https:\/\/www.gynimun.cz\/gynimun-dual\/wp-json\/wp\/v2\/media?parent=422"}],"curies":[{"name":"wp","href":"https:\/\/api.w.org\/{rel}","templated":true}]}}