{"id":20,"date":"2020-01-30T13:11:44","date_gmt":"2020-01-30T12:11:44","guid":{"rendered":"https:\/\/www.gynimun.cz\/gynimun-dual\/?page_id=20"},"modified":"2025-07-25T08:27:39","modified_gmt":"2025-07-25T07:27:39","slug":"pribalova-informace","status":"publish","type":"page","link":"https:\/\/www.gynimun.cz\/gynimun-dual\/pribalova-informace\/","title":{"rendered":"P\u0159\u00edbalov\u00e1 informace"},"content":{"rendered":"\n<style type=\"text\/css\" data-created_by=\"avia_inline_auto\" id=\"style-css-av-w26k-2b8f969dbfb1d22ae7b3a99d7298e009\">\n.flex_column.av-w26k-2b8f969dbfb1d22ae7b3a99d7298e009{\nborder-radius:0px 0px 0px 0px;\npadding:0px 0px 0px 0px;\n}\n<\/style>\n<div  class='flex_column av-w26k-2b8f969dbfb1d22ae7b3a99d7298e009 av_one_full  avia-builder-el-0  el_before_av_one_third  avia-builder-el-first  first flex_column_div av-zero-column-padding  '     ><style type=\"text\/css\" data-created_by=\"avia_inline_auto\" id=\"style-css-av-m419iskp-5979b011e46f5c42cb0b499c2f060578\">\n.avia-image-container.av-m419iskp-5979b011e46f5c42cb0b499c2f060578 img.avia_image{\nbox-shadow:none;\n}\n.avia-image-container.av-m419iskp-5979b011e46f5c42cb0b499c2f060578 .av-image-caption-overlay-center{\ncolor:#ffffff;\n}\n<\/style>\n<div  class='avia-image-container av-m419iskp-5979b011e46f5c42cb0b499c2f060578 av-styling- av-img-linked avia-align-center  avia-builder-el-1  avia-builder-el-no-sibling '   itemprop=\"image\" itemscope=\"itemscope\" itemtype=\"https:\/\/schema.org\/ImageObject\" ><div class=\"avia-image-container-inner\"><div class=\"avia-image-overlay-wrap\"><a href=\"https:\/\/www.gynimun.cz\/gynimun-dual\/wp-content\/uploads\/sites\/2\/2025\/07\/Pribalak-Gynimun-Dual-varianta2PDF-801x1030.jpg\" data-srcset=\"https:\/\/www.gynimun.cz\/gynimun-dual\/wp-content\/uploads\/sites\/2\/2025\/07\/Pribalak-Gynimun-Dual-varianta2PDF-801x1030.jpg 801w, https:\/\/www.gynimun.cz\/gynimun-dual\/wp-content\/uploads\/sites\/2\/2025\/07\/Pribalak-Gynimun-Dual-varianta2PDF-233x300.jpg 233w, https:\/\/www.gynimun.cz\/gynimun-dual\/wp-content\/uploads\/sites\/2\/2025\/07\/Pribalak-Gynimun-Dual-varianta2PDF-768x987.jpg 768w, https:\/\/www.gynimun.cz\/gynimun-dual\/wp-content\/uploads\/sites\/2\/2025\/07\/Pribalak-Gynimun-Dual-varianta2PDF-1195x1536.jpg 1195w, https:\/\/www.gynimun.cz\/gynimun-dual\/wp-content\/uploads\/sites\/2\/2025\/07\/Pribalak-Gynimun-Dual-varianta2PDF-1593x2048.jpg 1593w, https:\/\/www.gynimun.cz\/gynimun-dual\/wp-content\/uploads\/sites\/2\/2025\/07\/Pribalak-Gynimun-Dual-varianta2PDF-1167x1500.jpg 1167w, https:\/\/www.gynimun.cz\/gynimun-dual\/wp-content\/uploads\/sites\/2\/2025\/07\/Pribalak-Gynimun-Dual-varianta2PDF-548x705.jpg 548w, https:\/\/www.gynimun.cz\/gynimun-dual\/wp-content\/uploads\/sites\/2\/2025\/07\/Pribalak-Gynimun-Dual-varianta2PDF.jpg 1653w\" data-sizes=\"(max-width: 801px) 100vw, 801px\" class='avia_image '  aria-label='Pr\u030ci\u0301bala\u0301k Gynimun Dual varianta2PDF'><img decoding=\"async\" fetchpriority=\"high\" class='wp-image-584 avia-img-lazy-loading-not-584 avia_image ' src=\"https:\/\/www.gynimun.cz\/gynimun-dual\/wp-content\/uploads\/sites\/2\/2025\/07\/Pribalak-Gynimun-Dual-varianta2PDF-801x1030.jpg\" alt='' title='Pr\u030ci\u0301bala\u0301k Gynimun Dual varianta2PDF'  height=\"1030\" width=\"801\"  itemprop=\"thumbnailUrl\" srcset=\"https:\/\/www.gynimun.cz\/gynimun-dual\/wp-content\/uploads\/sites\/2\/2025\/07\/Pribalak-Gynimun-Dual-varianta2PDF-801x1030.jpg 801w, https:\/\/www.gynimun.cz\/gynimun-dual\/wp-content\/uploads\/sites\/2\/2025\/07\/Pribalak-Gynimun-Dual-varianta2PDF-233x300.jpg 233w, https:\/\/www.gynimun.cz\/gynimun-dual\/wp-content\/uploads\/sites\/2\/2025\/07\/Pribalak-Gynimun-Dual-varianta2PDF-768x987.jpg 768w, https:\/\/www.gynimun.cz\/gynimun-dual\/wp-content\/uploads\/sites\/2\/2025\/07\/Pribalak-Gynimun-Dual-varianta2PDF-1195x1536.jpg 1195w, https:\/\/www.gynimun.cz\/gynimun-dual\/wp-content\/uploads\/sites\/2\/2025\/07\/Pribalak-Gynimun-Dual-varianta2PDF-1593x2048.jpg 1593w, https:\/\/www.gynimun.cz\/gynimun-dual\/wp-content\/uploads\/sites\/2\/2025\/07\/Pribalak-Gynimun-Dual-varianta2PDF-1167x1500.jpg 1167w, https:\/\/www.gynimun.cz\/gynimun-dual\/wp-content\/uploads\/sites\/2\/2025\/07\/Pribalak-Gynimun-Dual-varianta2PDF-548x705.jpg 548w, https:\/\/www.gynimun.cz\/gynimun-dual\/wp-content\/uploads\/sites\/2\/2025\/07\/Pribalak-Gynimun-Dual-varianta2PDF.jpg 1653w\" sizes=\"(max-width: 801px) 100vw, 801px\" \/><\/a><\/div><\/div><\/div><\/div>\n<style type=\"text\/css\" data-created_by=\"avia_inline_auto\" id=\"style-css-av-2qhrs-d4fcfa26a391fdd5d498c15b16a16810\">\n.flex_column.av-2qhrs-d4fcfa26a391fdd5d498c15b16a16810{\nborder-radius:0px 0px 0px 0px;\npadding:0px 0px 0px 0px;\n}\n<\/style>\n<div  class='flex_column av-2qhrs-d4fcfa26a391fdd5d498c15b16a16810 av_one_third  avia-builder-el-2  el_after_av_one_full  el_before_av_one_third  first flex_column_div av-zero-column-padding  column-top-margin'     ><\/div><\/p>\n\n<style type=\"text\/css\" data-created_by=\"avia_inline_auto\" id=\"style-css-av-1xs1w-d93a916a576b4832e85d39ce0c465a63\">\n.flex_column.av-1xs1w-d93a916a576b4832e85d39ce0c465a63{\nborder-radius:0px 0px 0px 0px;\npadding:0px 0px 0px 0px;\n}\n<\/style>\n<div  class='flex_column av-1xs1w-d93a916a576b4832e85d39ce0c465a63 av_one_third  avia-builder-el-3  el_after_av_one_third  el_before_av_one_third  flex_column_div av-zero-column-padding  column-top-margin'     ><article  class='iconbox iconbox_top av-1oev0-875ff666b66192adea4962f736d6828c  avia-builder-el-4  avia-builder-el-no-sibling  main_color'  itemscope=\"itemscope\" itemtype=\"https:\/\/schema.org\/CreativeWork\" ><div class=\"iconbox_content\"><header class=\"entry-content-header\" aria-label=\"Icon: P\u0159\u00edbalov\u00fd let\u00e1k v PDF\"><a href='https:\/\/www.gynimun.cz\/gynimun-dual\/wp-content\/uploads\/sites\/2\/2025\/07\/Pribalak-Gynimun-Dual-varianta2PDF.pdf' title='P\u0159\u00edbalov\u00fd let\u00e1k v PDF'  class=\"iconbox_icon heading-color\" aria-hidden='true' data-av_icon='\ue82d' data-av_iconfont='entypo-fontello'><\/a><h3 class='iconbox_content_title '  itemprop=\"headline\" ><a href='https:\/\/www.gynimun.cz\/gynimun-dual\/wp-content\/uploads\/sites\/2\/2025\/07\/Pribalak-Gynimun-Dual-varianta2PDF.pdf' title='P\u0159\u00edbalov\u00fd let\u00e1k v PDF' >P\u0159\u00edbalov\u00fd let\u00e1k v PDF<\/a><\/h3><\/header><div class='iconbox_content_container '  itemprop=\"text\" ><p style=\"text-align: center;\"><a href=\"https:\/\/www.gynimun.cz\/gynimun-dual\/wp-content\/uploads\/sites\/2\/2025\/07\/Pribalak-Gynimun-Dual-varianta2PDF.pdf\">ke sta\u017een\u00ed zde<\/a><\/p>\n<\/div><\/div><footer class=\"entry-footer\"><\/footer><\/article><\/div>\n\n<style type=\"text\/css\" data-created_by=\"avia_inline_auto\" id=\"style-css-av-1197w-6740da5e2afa30e5d27bc366224b3a7d\">\n.flex_column.av-1197w-6740da5e2afa30e5d27bc366224b3a7d{\nborder-radius:0px 0px 0px 0px;\npadding:0px 0px 0px 0px;\n}\n<\/style>\n<div  class='flex_column av-1197w-6740da5e2afa30e5d27bc366224b3a7d av_one_third  avia-builder-el-5  el_after_av_one_third  avia-builder-el-last  flex_column_div av-zero-column-padding  column-top-margin'     ><\/div>\n","protected":false},"excerpt":{"rendered":"","protected":false},"author":1,"featured_media":0,"parent":0,"menu_order":0,"comment_status":"closed","ping_status":"closed","template":"","meta":{"footnotes":""},"class_list":["post-20","page","type-page","status-publish","hentry"],"aioseo_notices":[],"_links":{"self":[{"href":"https:\/\/www.gynimun.cz\/gynimun-dual\/wp-json\/wp\/v2\/pages\/20","targetHints":{"allow":["GET"]}}],"collection":[{"href":"https:\/\/www.gynimun.cz\/gynimun-dual\/wp-json\/wp\/v2\/pages"}],"about":[{"href":"https:\/\/www.gynimun.cz\/gynimun-dual\/wp-json\/wp\/v2\/types\/page"}],"author":[{"embeddable":true,"href":"https:\/\/www.gynimun.cz\/gynimun-dual\/wp-json\/wp\/v2\/users\/1"}],"replies":[{"embeddable":true,"href":"https:\/\/www.gynimun.cz\/gynimun-dual\/wp-json\/wp\/v2\/comments?post=20"}],"version-history":[{"count":22,"href":"https:\/\/www.gynimun.cz\/gynimun-dual\/wp-json\/wp\/v2\/pages\/20\/revisions"}],"predecessor-version":[{"id":583,"href":"https:\/\/www.gynimun.cz\/gynimun-dual\/wp-json\/wp\/v2\/pages\/20\/revisions\/583"}],"wp:attachment":[{"href":"https:\/\/www.gynimun.cz\/gynimun-dual\/wp-json\/wp\/v2\/media?parent=20"}],"curies":[{"name":"wp","href":"https:\/\/api.w.org\/{rel}","templated":true}]}}