{"id":18,"date":"2017-01-30T13:11:30","date_gmt":"2017-01-30T12:11:30","guid":{"rendered":"https:\/\/www.gynimun.cz\/gynimun-dual\/?page_id=18"},"modified":"2025-09-03T11:39:25","modified_gmt":"2025-09-03T10:39:25","slug":"kompozice-a-davkovani","status":"publish","type":"page","link":"https:\/\/www.gynimun.cz\/gynimun-dual\/kompozice-a-davkovani\/","title":{"rendered":"Jak u\u017e\u00edvat"},"content":{"rendered":"<section  class='av_textblock_section av-3qa4a-1dabeb6fa9995c8b6e243c401ea9d998 '   itemscope=\"itemscope\" itemtype=\"https:\/\/schema.org\/CreativeWork\" ><div class='avia_textblock'  itemprop=\"text\" ><h2>Jak se p\u0159\u00edpravek Gynimun DUAL u\u017e\u00edv\u00e1?<\/h2>\n<p>U\u017e\u00edvejte 1 kapsli denn\u011b (pro siln\u011bj\u0161\u00ed efekt 2 kapsle denn\u011b), ide\u00e1ln\u011b s j\u00eddlem nebo po j\u00eddle. Pokud u\u017e\u00edv\u00e1te sou\u010dasn\u011b s antibiotiky, nechte s nimi dvouhodinov\u00fd rozestup. Minim\u00e1ln\u00ed doba u\u017e\u00edv\u00e1n\u00ed je 7 dn\u00ed, nejprosp\u011b\u0161n\u011bj\u0161\u00ed pro dlouhodobou spokojenost je opakovan\u00e9 u\u017e\u00edv\u00e1n\u00ed \u2013 nap\u0159. 6x ro\u010dn\u011b.<\/p>\n<\/div><\/section>\n\n<style type=\"text\/css\" data-created_by=\"avia_inline_auto\" id=\"style-css-av-3huhq-4ee6afe21d89c0c96cad4668717bfd91\">\n#top .hr.hr-invisible.av-3huhq-4ee6afe21d89c0c96cad4668717bfd91{\nheight:50px;\n}\n<\/style>\n<div  class='hr av-3huhq-4ee6afe21d89c0c96cad4668717bfd91 hr-invisible  avia-builder-el-1  el_after_av_textblock  el_before_av_one_full '><span class='hr-inner '><span class=\"hr-inner-style\"><\/span><\/span><\/div>\n\n<style type=\"text\/css\" data-created_by=\"avia_inline_auto\" id=\"style-css-av-1e3eq-134c6d586c67005a8f2695f4aed817b9\">\n.flex_column.av-1e3eq-134c6d586c67005a8f2695f4aed817b9{\nborder-radius:0px 0px 0px 0px;\npadding:0px 0px 0px 0px;\n}\n<\/style>\n<div  class='flex_column av-1e3eq-134c6d586c67005a8f2695f4aed817b9 av_one_full  avia-builder-el-2  el_after_av_hr  avia-builder-el-last  first flex_column_div av-zero-column-padding  '     ><style type=\"text\/css\" data-created_by=\"avia_inline_auto\" id=\"style-css-av-o5dq-755074992719963dfbc4211dcc70d0f5\">\n.avia-image-container.av-o5dq-755074992719963dfbc4211dcc70d0f5 img.avia_image{\nbox-shadow:none;\n}\n.avia-image-container.av-o5dq-755074992719963dfbc4211dcc70d0f5 .av-image-caption-overlay-center{\ncolor:#ffffff;\n}\n<\/style>\n<div  class='avia-image-container av-o5dq-755074992719963dfbc4211dcc70d0f5 av-styling- avia-align-center  avia-builder-el-3  avia-builder-el-no-sibling '   itemprop=\"image\" itemscope=\"itemscope\" itemtype=\"https:\/\/schema.org\/ImageObject\" ><div class=\"avia-image-container-inner\"><div class=\"avia-image-overlay-wrap\"><img decoding=\"async\" fetchpriority=\"high\" class='wp-image-597 avia-img-lazy-loading-not-597 avia_image ' src=\"https:\/\/www.gynimun.cz\/gynimun-dual\/wp-content\/uploads\/sites\/2\/2025\/09\/3D-Gynimun_Dual-vsechny-300x201.webp\" alt='' title='3D Gynimun_Dual v\u0161echny'  height=\"201\" width=\"300\"  itemprop=\"thumbnailUrl\" srcset=\"https:\/\/www.gynimun.cz\/gynimun-dual\/wp-content\/uploads\/sites\/2\/2025\/09\/3D-Gynimun_Dual-vsechny-300x201.webp 300w, https:\/\/www.gynimun.cz\/gynimun-dual\/wp-content\/uploads\/sites\/2\/2025\/09\/3D-Gynimun_Dual-vsechny-1030x690.webp 1030w, https:\/\/www.gynimun.cz\/gynimun-dual\/wp-content\/uploads\/sites\/2\/2025\/09\/3D-Gynimun_Dual-vsechny-768x514.webp 768w, https:\/\/www.gynimun.cz\/gynimun-dual\/wp-content\/uploads\/sites\/2\/2025\/09\/3D-Gynimun_Dual-vsechny-705x472.webp 705w, https:\/\/www.gynimun.cz\/gynimun-dual\/wp-content\/uploads\/sites\/2\/2025\/09\/3D-Gynimun_Dual-vsechny.webp 1308w\" sizes=\"(max-width: 300px) 100vw, 300px\" \/><\/div><\/div><\/div><\/div>\n","protected":false},"excerpt":{"rendered":"","protected":false},"author":1,"featured_media":0,"parent":0,"menu_order":0,"comment_status":"closed","ping_status":"closed","template":"","meta":{"footnotes":""},"class_list":["post-18","page","type-page","status-publish","hentry"],"aioseo_notices":[],"_links":{"self":[{"href":"https:\/\/www.gynimun.cz\/gynimun-dual\/wp-json\/wp\/v2\/pages\/18","targetHints":{"allow":["GET"]}}],"collection":[{"href":"https:\/\/www.gynimun.cz\/gynimun-dual\/wp-json\/wp\/v2\/pages"}],"about":[{"href":"https:\/\/www.gynimun.cz\/gynimun-dual\/wp-json\/wp\/v2\/types\/page"}],"author":[{"embeddable":true,"href":"https:\/\/www.gynimun.cz\/gynimun-dual\/wp-json\/wp\/v2\/users\/1"}],"replies":[{"embeddable":true,"href":"https:\/\/www.gynimun.cz\/gynimun-dual\/wp-json\/wp\/v2\/comments?post=18"}],"version-history":[{"count":23,"href":"https:\/\/www.gynimun.cz\/gynimun-dual\/wp-json\/wp\/v2\/pages\/18\/revisions"}],"predecessor-version":[{"id":600,"href":"https:\/\/www.gynimun.cz\/gynimun-dual\/wp-json\/wp\/v2\/pages\/18\/revisions\/600"}],"wp:attachment":[{"href":"https:\/\/www.gynimun.cz\/gynimun-dual\/wp-json\/wp\/v2\/media?parent=18"}],"curies":[{"name":"wp","href":"https:\/\/api.w.org\/{rel}","templated":true}]}}