{"id":15,"date":"2017-01-30T13:11:15","date_gmt":"2017-01-30T12:11:15","guid":{"rendered":"https:\/\/www.gynimun.cz\/gynimun-dual\/?page_id=15"},"modified":"2025-11-07T09:46:48","modified_gmt":"2025-11-07T08:46:48","slug":"domu","status":"publish","type":"page","link":"https:\/\/www.gynimun.cz\/gynimun-dual\/","title":{"rendered":"Dom\u016f"},"content":{"rendered":"<div id='layer_slider_1'  class='avia-layerslider main_color avia-shadow  avia-builder-el-0  el_before_av_one_half  avia-builder-el-first  container_wrap sidebar_right'  style='height: 501px;'  ><\/div><div id='after_layer_slider_1'  class='main_color av_default_container_wrap container_wrap sidebar_right'  ><div class='container av-section-cont-open' ><div class='template-page content  av-content-small alpha units'><div class='post-entry post-entry-type-page post-entry-15'><div class='entry-content-wrapper clearfix'>\n\n<style type=\"text\/css\" data-created_by=\"avia_inline_auto\" id=\"style-css-av-3wl77-1996c6e5ec08093bd23bfb51f50db503\">\n.flex_column.av-3wl77-1996c6e5ec08093bd23bfb51f50db503{\nborder-radius:0px 0px 0px 0px;\npadding:0px 0px 0px 0px;\n}\n<\/style>\n<div  class='flex_column av-3wl77-1996c6e5ec08093bd23bfb51f50db503 av_one_half  avia-builder-el-1  el_after_av_layerslider  el_before_av_one_half  avia-builder-el-first  first flex_column_div av-zero-column-padding  '     ><section  class='av_textblock_section av-34ovn-e9f2b11fa9e84d8d793e9fa257500706 '   itemscope=\"itemscope\" itemtype=\"https:\/\/schema.org\/CreativeWork\" ><div class='avia_textblock hero-li av_inherit_color'  itemprop=\"text\" ><ul class=\"pink\">\n<li>HARMONIZACE VAGIN\u00c1LN\u00cdHO PROST\u0158ED\u00cd<\/li>\n<\/ul>\n<\/div><\/section><\/div>\n\n<style type=\"text\/css\" data-created_by=\"avia_inline_auto\" id=\"style-css-av-2t7zr-2b2bee312e070d23bcc61e577304e838\">\n.flex_column.av-2t7zr-2b2bee312e070d23bcc61e577304e838{\nborder-radius:0px 0px 0px 0px;\npadding:0px 0px 0px 0px;\n}\n<\/style>\n<div  class='flex_column av-2t7zr-2b2bee312e070d23bcc61e577304e838 av_one_half  avia-builder-el-3  el_after_av_one_half  el_before_av_promobox  flex_column_div av-zero-column-padding  '     ><section  class='av_textblock_section av-24x83-31538e7399a9ec94f250d0801ec66e10 '   itemscope=\"itemscope\" itemtype=\"https:\/\/schema.org\/CreativeWork\" ><div class='avia_textblock hero-li av_inherit_color'  itemprop=\"text\" ><ul class=\"pink\">\n<li>HARMONIZACE ST\u0158EVN\u00cdHO EKOSYST\u00c9MU<\/li>\n<\/ul>\n<\/div><\/section><\/div>\n<div  class='av_promobox av-1ghtr-8f3cf5be5148c00745c5748aeb8851f0 avia-button-no  avia-builder-el-5  el_after_av_one_half  el_before_av_textblock '><div class='avia-promocontent'><\/p>\n<p style=\"text-align: center;font-size: 18px\"><strong>Gynimun<\/strong><strong> DUAL je jedin\u00e9 du\u00e1ln\u00ed probiotikum na \u010desk\u00e9m trhu. D\u00edky jeho unik\u00e1tn\u00ed kompozici mohou \u017eeny od p\u0159\u00edpravku o\u010dek\u00e1vat harmonizaci nejen st\u0159evn\u00edho, ale tak\u00e9 vagin\u00e1ln\u00edho prost\u0159ed\u00ed.<\/strong><\/p>\n<p>\n<\/div><\/div>\n<section  class='av_textblock_section av-y20j-19718375eb717ba8a9aa252758a77f4f '   itemscope=\"itemscope\" itemtype=\"https:\/\/schema.org\/CreativeWork\" ><div class='avia_textblock'  itemprop=\"text\" ><h2 id=\"co-jsou-vlastne-probiotika\">Co jsou vlastn\u011b probiotika?<\/h2>\n<p>Probiotika jsou \u017eiv\u00e9 mikroorganismy (nej\u010dast\u011bji bakterie, ale tak\u00e9 nap\u0159. kvasinky), kter\u00e9, jsou-li pod\u00e1v\u00e1ny v adekv\u00e1tn\u00edm mno\u017estv\u00ed, p\u0159isp\u00edvaj\u00ed ke zlep\u0161en\u00ed zdravotn\u00edho stavu hostitele (definice Sv\u011btov\u00e9 zdravotnick\u00e9 organizace).<\/p>\n<p>O p\u0159\u00edzniv\u00e9m efektu n\u011bkter\u00fdch bakteri\u00ed na zdrav\u00ed \u010dlov\u011bka v\u00ed lidstvo ji\u017e pom\u011brn\u011b d\u00e1vno \u2013 v roce 1908 popsal rusk\u00fd v\u011bdec Me\u010dnikov imunomodula\u010dn\u00ed funkci st\u0159evn\u00edch a \u017ealude\u010dn\u00edch bakteri\u00e1ln\u00edch koloni\u00ed a ji\u017e v roce 1892 odebral n\u011bmeck\u00fd v\u011bdec D\u0151derlein vzorek po\u0161evn\u00edho sekretu a pod mikroskopem popsal masivn\u00ed p\u0159\u00edtomnost ty\u010dinkovit\u00e9 bakterie, kterou nazval Lactobacillus vaginalis D\u0151derlein. Tento n\u00e1zev, kter\u00fd je ji\u017e pouze historick\u00fd a v\u016fbec neodpov\u00edd\u00e1 sou\u010dasn\u00e9 klasifikaci, st\u00e1le nach\u00e1z\u00edme ve star\u0161\u00edch publikac\u00edch.<\/p>\n<p>V dne\u0161n\u00ed dob\u011b v\u011bdeck\u00fd z\u00e1jem o tyto bakterie trvale roste a klinick\u00e9 studie se ji\u017e zdaleka neomezuj\u00ed jen na problematiku st\u0159ev a vag\u00edny (t\u011bch je st\u00e1le v\u011bt\u0161ina), ale probiotika jsou \u00fasp\u011b\u0161n\u011b zkoum\u00e1na v psychiatrii, alergologii, stomatologii, pediatrii a dal\u0161\u00edch medic\u00ednsk\u00fdch oborech.<\/p>\n<h2 id=\"jak-si-vybrat-dobre-probiotikum\">Jak si vybrat dobr\u00e9 probiotikum?<\/h2>\n<p>V dob\u00e1ch, kdy o probiotic\u00edch nikdo nic moc nev\u011bd\u011bl, se nejv\u011bt\u0161\u00ed oblib\u011b t\u011b\u0161ily produkty, kter\u00e9 obsahovaly co nejv\u00edce druh\u016f bakteri\u00ed (\u010d\u00edm del\u0161\u00ed seznam,\u00a0&#8222;t\u00edm v\u00edc adidas&#8220;) a v\u00fdrobci se trumfovali tak\u00e9 po\u010dtem bakteri\u00ed, kter\u00e9 do sv\u00e9ho v\u00fdrobku vlo\u017eili.<\/p>\n<p>Tento p\u0159\u00edstup byl ji\u017e d\u00e1vno p\u0159ekon\u00e1n a dnes (podle existuj\u00edc\u00edch doporu\u010den\u00fdch postup\u016f evropsk\u00fdch a sv\u011btov\u00fdch odborn\u00fdch spole\u010dnost\u00ed) m\u00e1me na probiotika mnohem logi\u010dt\u011bj\u0161\u00ed krit\u00e9ria:<\/p>\n<p><b>1) jak\u00e9 obsahuje bakterie<\/b><\/p>\n<p>Bakterie t\u0159\u00edd\u00edme \u2013 podobn\u011b jako jin\u00e9 \u017eiv\u00e9 tvory \u2013 podle jejich rodu (nap\u0159. Lactobacillus), druhu (nap\u0159. rhamnosus) a kmene (nap\u0159. ATCC46301). Teprve kdy\u017e v\u00edme, o jakou bakterii (na \u00farove\u0148 kmene) jde, kde se vzala, kde um\u00ed nebo neum\u00ed \u017e\u00edt, co um\u00ed, apod., m\u016f\u017eeme \u0159\u00edci, jestli je tato bakterie pro n\u00e1s \u017e\u00e1douc\u00ed, nebo ne. Stanovov\u00e1n\u00edm t\u011bchto vlastnost\u00ed (jednotliv\u00fdch kmen\u016f) se zab\u00fdvaj\u00ed klinick\u00e9 studie. Vyb\u00edrejte si tedy kmeny, jejich\u017e p\u016fvod, vlastnosti a tud\u00ed\u017e vhodnost pro v\u00e1s je dolo\u017een\u00e1 a zdokumentovan\u00e1.<\/p>\n<p><b>2) kolik obsahuje konkr\u00e9tn\u00edch bakteri\u00ed na konci expirace<\/b><\/p>\n<p>Po\u010det bakteri\u00ed je t\u0159eba ud\u00e1vat na konci expirace produktu a ne po\u010det p\u0159i v\u00fdrob\u011b (lidov\u011b \u0159e\u010deno, zaj\u00edm\u00e1 n\u00e1s, kolik vajec jsme si donesli dom\u016f a ne kolik jich na farm\u011b sklidili). Je toti\u017e zn\u00e1mo, \u017ee r\u016fzn\u00e9 bakteri\u00e1ln\u00ed kmeny maj\u00ed r\u016fznou vitalitu, kvalitu a metabolick\u00fd stav, a proto r\u016fzn\u011b rychle p\u0159i skladov\u00e1n\u00ed hynou.<\/p>\n<p>Nav\u00edc obsa\u017een\u00fd po\u010det je t\u0159eba vztahovat k prok\u00e1zan\u00e9mu efektu v klinick\u00fdch studi\u00edch, kde najdeme\u00a0&#8222;d\u00e1vky&#8220;\u00a0bakteri\u00ed od 100 milion\u016f (tedy 100x m\u00e9n\u011b, ne\u017e je\u00a0&#8222;obvykl\u00e9&#8220;\u00a0mno\u017estv\u00ed prod\u00e1van\u00fdch produkt\u016f) po 1 bilion (tedy 100x v\u00edce, ne\u017e je\u00a0&#8222;obvykl\u00e9&#8220;\u00a0mno\u017estv\u00ed prod\u00e1van\u00fdch produkt\u016f).<\/p>\n<h2 id=\"co-je-gynimun-dual\">Co je Gynimun DUAL?<\/h2>\n<p><img loading=\"lazy\" decoding=\"async\" class=\"size-medium wp-image-597 aligncenter\" src=\"https:\/\/www.gynimun.cz\/gynimun-dual\/wp-content\/uploads\/sites\/2\/2025\/09\/3D-Gynimun_Dual-vsechny-300x201.webp\" alt=\"\" width=\"300\" height=\"201\" srcset=\"https:\/\/www.gynimun.cz\/gynimun-dual\/wp-content\/uploads\/sites\/2\/2025\/09\/3D-Gynimun_Dual-vsechny-300x201.webp 300w, https:\/\/www.gynimun.cz\/gynimun-dual\/wp-content\/uploads\/sites\/2\/2025\/09\/3D-Gynimun_Dual-vsechny-1030x690.webp 1030w, https:\/\/www.gynimun.cz\/gynimun-dual\/wp-content\/uploads\/sites\/2\/2025\/09\/3D-Gynimun_Dual-vsechny-768x514.webp 768w, https:\/\/www.gynimun.cz\/gynimun-dual\/wp-content\/uploads\/sites\/2\/2025\/09\/3D-Gynimun_Dual-vsechny-705x472.webp 705w, https:\/\/www.gynimun.cz\/gynimun-dual\/wp-content\/uploads\/sites\/2\/2025\/09\/3D-Gynimun_Dual-vsechny.webp 1308w\" sizes=\"auto, (max-width: 300px) 100vw, 300px\" \/><\/p>\n<p>Gynimun DUAL je jedin\u00e9 du\u00e1ln\u00ed probiotikum na \u010desk\u00e9m trhu. Du\u00e1ln\u00ed znamen\u00e1, \u017ee obsahuje kmeny, kter\u00e9 funguj\u00ed jak ve st\u0159ev\u011b (Lactobacillus rhamnosus GG Onapharm, Bifidobacterium animalis BB Onapharm), tak speci\u00e1ln\u00ed vagin\u00e1ln\u00ed kmeny (Lactobacillus cripatus SP28, Lactobacillus rhamnosus CA15)<\/p>\n<p>D\u00edky t\u00e9to jedine\u010dn\u00e9 kompozici mohou \u017eeny od Gynimunu o\u010dek\u00e1vat harmonizaci nejen st\u0159evn\u00edho, ale tak\u00e9 vagin\u00e1ln\u00edho prost\u0159ed\u00ed.<\/p>\n<h2><\/h2>\n<\/div><\/section>\n","protected":false},"excerpt":{"rendered":"","protected":false},"author":1,"featured_media":0,"parent":0,"menu_order":0,"comment_status":"closed","ping_status":"closed","template":"","meta":{"footnotes":""},"class_list":["post-15","page","type-page","status-publish","hentry"],"aioseo_notices":[],"_links":{"self":[{"href":"https:\/\/www.gynimun.cz\/gynimun-dual\/wp-json\/wp\/v2\/pages\/15","targetHints":{"allow":["GET"]}}],"collection":[{"href":"https:\/\/www.gynimun.cz\/gynimun-dual\/wp-json\/wp\/v2\/pages"}],"about":[{"href":"https:\/\/www.gynimun.cz\/gynimun-dual\/wp-json\/wp\/v2\/types\/page"}],"author":[{"embeddable":true,"href":"https:\/\/www.gynimun.cz\/gynimun-dual\/wp-json\/wp\/v2\/users\/1"}],"replies":[{"embeddable":true,"href":"https:\/\/www.gynimun.cz\/gynimun-dual\/wp-json\/wp\/v2\/comments?post=15"}],"version-history":[{"count":58,"href":"https:\/\/www.gynimun.cz\/gynimun-dual\/wp-json\/wp\/v2\/pages\/15\/revisions"}],"predecessor-version":[{"id":602,"href":"https:\/\/www.gynimun.cz\/gynimun-dual\/wp-json\/wp\/v2\/pages\/15\/revisions\/602"}],"wp:attachment":[{"href":"https:\/\/www.gynimun.cz\/gynimun-dual\/wp-json\/wp\/v2\/media?parent=15"}],"curies":[{"name":"wp","href":"https:\/\/api.w.org\/{rel}","templated":true}]}}